{"id":2142,"date":"2019-11-29T23:57:09","date_gmt":"2019-11-29T23:57:09","guid":{"rendered":"https:\/\/energiaaeterna.com\/installations-of-electric-vehicle-recharging-points\/"},"modified":"2026-02-09T18:06:59","modified_gmt":"2026-02-09T18:06:59","slug":"installations-of-electric-vehicle-recharging-points","status":"publish","type":"page","link":"https:\/\/energiaaeterna.com\/en\/installations-of-electric-vehicle-recharging-points\/","title":{"rendered":"Installations of electric vehicle recharging points"},"content":{"rendered":"<p><div class=\"fusion-fullwidth fullwidth-box fusion-builder-row-1 fusion-flex-container hundred-percent-fullwidth non-hundred-percent-height-scrolling\" style=\"--awb-border-radius-top-left:0px;--awb-border-radius-top-right:0px;--awb-border-radius-bottom-right:0px;--awb-border-radius-bottom-left:0px;--awb-padding-top:0px;--awb-padding-right:0px;--awb-padding-bottom:0px;--awb-padding-left:0px;--awb-flex-wrap:wrap;\" ><div class=\"fusion-builder-row fusion-row fusion-flex-align-items-stretch fusion-flex-content-wrap\" style=\"width:calc( 100% + 0px ) !important;max-width:calc( 100% + 0px ) !important;margin-left: calc(-0px \/ 2 );margin-right: calc(-0px \/ 2 );\"><div class=\"fusion-layout-column fusion_builder_column fusion-builder-column-0 fusion_builder_column_1_2 1_2 fusion-flex-column\" style=\"--awb-padding-top:100px;--awb-padding-right:6%;--awb-padding-bottom:100px;--awb-padding-left:6%;--awb-bg-size:cover;--awb-width-large:50%;--awb-margin-top-large:0px;--awb-spacing-right-large:0px;--awb-margin-bottom-large:0px;--awb-spacing-left-large:0px;--awb-width-medium:100%;--awb-spacing-right-medium:0px;--awb-spacing-left-medium:0px;--awb-width-small:100%;--awb-spacing-right-small:0px;--awb-spacing-left-small:0px;\"><div class=\"fusion-column-wrapper fusion-flex-justify-content-flex-start fusion-content-layout-column\"><div class=\"fusion-text fusion-text-1\"><h2>Installations of electric vehicle recharging points in Tenerife<\/h2>\n<\/div><div class=\"fusion-separator\" style=\"align-self: flex-start;margin-right:auto;margin-bottom:30px;width:100%;max-width:100px;\"><div class=\"fusion-separator-border sep-single sep-solid\" style=\"--awb-height:20px;--awb-amount:20px;--awb-sep-color:#25afb4;border-color:#25afb4;border-top-width:2px;\"><\/div><\/div><div class=\"fusion-text fusion-text-2\"><p>In the immediate future, our society must adopt measures that contribute to energy sustainability. One of the elements that will mark this sustainability will be the progressive adoption of electric vehicles, which will reduce our dependence on fossil fuels and minimize our environmental footprint. <\/p>\n<p>One of the benefits of electric vehicles that is often mentioned is that electricity is widely available. However, electricity has to be transferred from the grid to the batteries of each vehicle. <a href=\"https:\/\/energiaaeterna.es\/\">ENERGIA AETERNA<\/a> offers electric vehicle charging point installations in Tenerife in three categories:<\/p>\n<\/div><div class=\"fusion-separator fusion-full-width-sep\" style=\"align-self: center;margin-left: auto;margin-right: auto;margin-top:7px;width:100%;\"><\/div><ul style=\"--awb-line-height:23.8px;--awb-icon-width:23.8px;--awb-icon-height:23.8px;--awb-icon-margin:9.8px;--awb-content-margin:33.6px;\" class=\"fusion-checklist fusion-checklist-1 fusion-checklist-default type-icons\"><li class=\"fusion-li-item\" style=\"\"><span class=\"icon-wrapper circle-no\"><i class=\"fusion-li-icon fa-charging-station fas\" aria-hidden=\"true\"><\/i><\/span><div class=\"fusion-li-item-content\">\n<p><a href=\"https:\/\/energiaaeterna.com\/en\/installing-home-charging-point-for-electric-vehicles-in-tenerife\/\">Residential load infrastructure<\/a><\/p>\n<\/div><\/li><li class=\"fusion-li-item\" style=\"\"><span class=\"icon-wrapper circle-no\"><i class=\"fusion-li-icon fa-charging-station fas\" aria-hidden=\"true\"><\/i><\/span><div class=\"fusion-li-item-content\">\n<p>Public freight infrastructure<\/p>\n<\/div><\/li><li class=\"fusion-li-item\" style=\"\"><span class=\"icon-wrapper circle-no\"><i class=\"fusion-li-icon fa-charging-station fas\" aria-hidden=\"true\"><\/i><\/span><div class=\"fusion-li-item-content\">\n<p>Fast charging infrastructure in shopping centers<\/p>\n<\/div><\/li><\/ul><div style=\"text-align:center;\"><a class=\"fusion-button button-flat button-large button-default fusion-button-default button-1 fusion-button-span-yes fusion-button-default-type\" style=\"--button_margin-top:20px;--button_margin-bottom:20px;\" target=\"_self\" href=\"https:\/\/energiaaeterna.com\/en\/installing-home-charging-point-for-electric-vehicles-in-tenerife\/\"><span class=\"fusion-button-text awb-button__text awb-button__text--default\">MORE INFORMATION<\/span><\/a><\/div><\/div><\/div><div class=\"fusion-layout-column fusion_builder_column fusion-builder-column-1 fusion_builder_column_1_2 1_2 fusion-flex-column\" style=\"--awb-bg-position:center center;--awb-bg-size:cover;--awb-width-large:50%;--awb-margin-top-large:0px;--awb-spacing-right-large:0px;--awb-margin-bottom-large:0px;--awb-spacing-left-large:0px;--awb-width-medium:100%;--awb-spacing-right-medium:0px;--awb-spacing-left-medium:0px;--awb-width-small:100%;--awb-spacing-right-small:0px;--awb-spacing-left-small:0px;\"><div class=\"fusion-column-wrapper lazyload fusion-column-has-shadow fusion-flex-justify-content-flex-start fusion-content-layout-column fusion-empty-column-bg-image fusion-column-has-bg-image\" data-bg-url=\"https:\/\/energiaaeterna.com\/wp-content\/uploads\/2019\/12\/Energ\u00eda-Aeterna-10.jpg\" data-bg=\"https:\/\/energiaaeterna.com\/wp-content\/uploads\/2019\/12\/Energ\u00eda-Aeterna-10.jpg\"><img decoding=\"async\" class=\"fusion-empty-dims-img-placeholder fusion-no-large-visibility\" aria-label=\"Puntos de recarga de veh\u00edculos el\u00e9ctricos Energ\u00eda Aeterna\" src=\"data:image\/svg+xml,%3Csvg%20xmlns%3D%27http%3A%2F%2Fwww.w3.org%2F2000%2Fsvg%27%20width%3D%272500%27%20height%3D%271522%27%20viewBox%3D%270%200%202500%201522%27%3E%3Crect%20width%3D%272500%27%20height%3D%271522%27%20fill-opacity%3D%220%22%2F%3E%3C%2Fsvg%3E\"><\/div><\/div><\/div><\/div><div class=\"fusion-fullwidth fullwidth-box fusion-builder-row-2 fusion-flex-container hundred-percent-fullwidth non-hundred-percent-height-scrolling\" style=\"--awb-border-radius-top-left:0px;--awb-border-radius-top-right:0px;--awb-border-radius-bottom-right:0px;--awb-border-radius-bottom-left:0px;--awb-padding-top:0px;--awb-padding-right:0px;--awb-padding-bottom:0px;--awb-padding-left:0px;--awb-flex-wrap:wrap;\" ><div class=\"fusion-builder-row fusion-row fusion-flex-align-items-stretch fusion-flex-content-wrap\" style=\"width:calc( 100% + 0px ) !important;max-width:calc( 100% + 0px ) !important;margin-left: calc(-0px \/ 2 );margin-right: calc(-0px \/ 2 );\"><div class=\"fusion-layout-column fusion_builder_column fusion-builder-column-2 fusion_builder_column_1_2 1_2 fusion-flex-column\" style=\"--awb-bg-position:center center;--awb-bg-size:cover;--awb-width-large:50%;--awb-margin-top-large:0px;--awb-spacing-right-large:0px;--awb-margin-bottom-large:0px;--awb-spacing-left-large:0px;--awb-width-medium:100%;--awb-spacing-right-medium:0px;--awb-spacing-left-medium:0px;--awb-width-small:100%;--awb-spacing-right-small:0px;--awb-spacing-left-small:0px;\"><div class=\"fusion-column-wrapper lazyload fusion-column-has-shadow fusion-flex-justify-content-flex-start fusion-content-layout-column fusion-empty-column-bg-image fusion-column-has-bg-image\" data-bg-url=\"https:\/\/energiaaeterna.com\/wp-content\/uploads\/2019\/12\/Energ\u00eda-Aeterna-3.jpg\" data-bg=\"https:\/\/energiaaeterna.com\/wp-content\/uploads\/2019\/12\/Energ\u00eda-Aeterna-3.jpg\"><img decoding=\"async\" class=\"fusion-empty-dims-img-placeholder fusion-no-large-visibility\" aria-label=\"Energ\u00eda Aeterna\" src=\"data:image\/svg+xml,%3Csvg%20xmlns%3D%27http%3A%2F%2Fwww.w3.org%2F2000%2Fsvg%27%20width%3D%272500%27%20height%3D%27987%27%20viewBox%3D%270%200%202500%20987%27%3E%3Crect%20width%3D%272500%27%20height%3D%27987%27%20fill-opacity%3D%220%22%2F%3E%3C%2Fsvg%3E\"><\/div><\/div><div class=\"fusion-layout-column fusion_builder_column fusion-builder-column-3 fusion_builder_column_1_2 1_2 fusion-flex-column\" style=\"--awb-padding-top:100px;--awb-padding-right:6%;--awb-padding-bottom:100px;--awb-padding-left:6%;--awb-bg-size:cover;--awb-width-large:50%;--awb-margin-top-large:0px;--awb-spacing-right-large:0px;--awb-margin-bottom-large:0px;--awb-spacing-left-large:0px;--awb-width-medium:100%;--awb-spacing-right-medium:0px;--awb-spacing-left-medium:0px;--awb-width-small:100%;--awb-spacing-right-small:0px;--awb-spacing-left-small:0px;\"><div class=\"fusion-column-wrapper fusion-flex-justify-content-flex-start fusion-content-layout-column\"><div class=\"fusion-separator\" style=\"align-self: flex-start;margin-right:auto;margin-bottom:30px;width:100%;max-width:100px;\"><div class=\"fusion-separator-border sep-single sep-solid\" style=\"--awb-height:20px;--awb-amount:20px;--awb-sep-color:#25afb4;border-color:#25afb4;border-top-width:2px;\"><\/div><\/div><div class=\"fusion-text fusion-text-3\"><p>It is essential to take into account the state of the grid to avoid unnecessary costs. For distribution transformers, &#8220;blind&#8221; charging (at any time of the day) could lead to transformer overloads and local blackouts, even with a small number of electric vehicles. Both the optimization of the use of renewable energy and the minimization of grid overloads require the implementation of a load management system that has to be integrated into the higher-level grid management systems. ENERGIA AETERNA provides complete load management solutions to overcome these barriers in the implementation of electric vehicles.<\/p>\n<\/div><\/div><\/div><\/div><\/div><div class=\"fusion-fullwidth fullwidth-box fusion-builder-row-3 fusion-flex-container fusion-parallax-none nonhundred-percent-fullwidth non-hundred-percent-height-scrolling lazyload\" style=\"--awb-border-radius-top-left:0px;--awb-border-radius-top-right:0px;--awb-border-radius-bottom-right:0px;--awb-border-radius-bottom-left:0px;--awb-padding-top:200px;--awb-padding-bottom:200px;--awb-background-size:cover;--awb-flex-wrap:wrap;\" data-bg=\"https:\/\/energiaaeterna.com\/wp-content\/uploads\/2016\/11\/CTA_background.jpg\" ><div class=\"fusion-builder-row fusion-row fusion-flex-align-items-flex-start fusion-flex-content-wrap\" style=\"max-width:1216.8px;margin-left: calc(-4% \/ 2 );margin-right: calc(-4% \/ 2 );\"><div class=\"fusion-layout-column fusion_builder_column fusion-builder-column-4 fusion_builder_column_1_6 1_6 fusion-flex-column\" style=\"--awb-bg-size:cover;--awb-width-large:16.666666666667%;--awb-margin-top-large:0px;--awb-spacing-right-large:11.52%;--awb-margin-bottom-large:0px;--awb-spacing-left-large:11.52%;--awb-width-medium:100%;--awb-spacing-right-medium:1.92%;--awb-spacing-left-medium:1.92%;--awb-width-small:100%;--awb-spacing-right-small:1.92%;--awb-spacing-left-small:1.92%;\"><div class=\"fusion-column-wrapper fusion-flex-justify-content-flex-start fusion-content-layout-column\"><\/div><\/div><div class=\"fusion-layout-column fusion_builder_column fusion-builder-column-5 fusion_builder_column_2_3 2_3 fusion-flex-column\" style=\"--awb-bg-size:cover;--awb-width-large:66.666666666667%;--awb-margin-top-large:0px;--awb-spacing-right-large:2.88%;--awb-margin-bottom-large:0px;--awb-spacing-left-large:2.88%;--awb-width-medium:100%;--awb-spacing-right-medium:1.92%;--awb-spacing-left-medium:1.92%;--awb-width-small:100%;--awb-spacing-right-small:1.92%;--awb-spacing-left-small:1.92%;\"><div class=\"fusion-column-wrapper fusion-flex-justify-content-flex-start fusion-content-layout-column\"><div class=\"fusion-text fusion-text-4\"><h2 style=\"text-align: center; color: #fff; font-size: 60px;\">Discover the Future<\/h2>\n<\/div><div class=\"fusion-text fusion-text-5\"><p style=\"text-align: center; color: #fff; font-size: 25px; line-height: 48px;\">For a sustainable, more humane, more exciting world&#8230;feel our energy, the AETERNA ENERGY.<\/p>\n<\/div><div class=\"fusion-separator fusion-full-width-sep\" style=\"align-self: center;margin-left: auto;margin-right: auto;margin-top:20px;width:100%;\"><\/div><div style=\"text-align:center;\"><a class=\"fusion-button button-flat button-xlarge button-custom fusion-button-default button-2 fusion-button-default-span fusion-button-default-type\" style=\"--button_accent_color:#ffffff;--button_accent_hover_color:#ffffff;--button_border_hover_color:#ffffff;--button_border_width-top:1px;--button_border_width-right:1px;--button_border_width-bottom:1px;--button_border_width-left:1px;--button_gradient_top_color:rgba(76,81,102,0);--button_gradient_bottom_color:rgba(76,81,102,0);--button_gradient_top_color_hover:#25afb4;--button_gradient_bottom_color_hover:#25afb4;\" target=\"_self\" href=\"https:\/\/energiaaeterna.com\/contact\/\"><span class=\"fusion-button-text awb-button__text awb-button__text--default\">Contact<\/span><\/a><\/div><\/div><\/div><div class=\"fusion-layout-column fusion_builder_column fusion-builder-column-6 fusion_builder_column_1_6 1_6 fusion-flex-column\" style=\"--awb-bg-size:cover;--awb-width-large:16.666666666667%;--awb-margin-top-large:0px;--awb-spacing-right-large:11.52%;--awb-margin-bottom-large:0px;--awb-spacing-left-large:11.52%;--awb-width-medium:100%;--awb-spacing-right-medium:1.92%;--awb-spacing-left-medium:1.92%;--awb-width-small:100%;--awb-spacing-right-small:1.92%;--awb-spacing-left-small:1.92%;\"><div class=\"fusion-column-wrapper fusion-flex-justify-content-flex-start fusion-content-layout-column\"><\/div><\/div><\/div><\/div><\/p>\n","protected":false},"excerpt":{"rendered":"","protected":false},"author":1,"featured_media":0,"parent":0,"menu_order":0,"comment_status":"closed","ping_status":"closed","template":"100-width.php","meta":{"footnotes":""},"class_list":["post-2142","page","type-page","status-publish","hentry"],"yoast_head":"<!-- This site is optimized with the Yoast SEO plugin v27.3 - https:\/\/yoast.com\/product\/yoast-seo-wordpress\/ -->\n<title>Electric Vehicle Recharging Point Installations in Tenerife<\/title>\n<meta name=\"description\" content=\"Energ\u00eda Aeterna installs Electric Vehicle Charging Points in Tenerife for homes, public charging stations, shopping centers, etc.\" \/>\n<meta name=\"robots\" content=\"index, follow, max-snippet:-1, max-image-preview:large, max-video-preview:-1\" \/>\n<link rel=\"canonical\" href=\"https:\/\/energiaaeterna.com\/en\/installations-of-electric-vehicle-recharging-points\/\" \/>\n<meta property=\"og:locale\" content=\"en_US\" \/>\n<meta property=\"og:type\" content=\"article\" \/>\n<meta property=\"og:title\" content=\"Electric Vehicle Recharging Point Installations in Tenerife\" \/>\n<meta property=\"og:description\" content=\"Energ\u00eda Aeterna installs Electric Vehicle Charging Points in Tenerife for homes, public charging stations, shopping centers, etc.\" \/>\n<meta property=\"og:url\" content=\"https:\/\/energiaaeterna.com\/en\/installations-of-electric-vehicle-recharging-points\/\" \/>\n<meta property=\"og:site_name\" content=\"Energ\u00eda Aeterna\" \/>\n<meta property=\"article:publisher\" content=\"https:\/\/www.facebook.com\/energiaaeterna\/\" \/>\n<meta property=\"article:modified_time\" content=\"2026-02-09T18:06:59+00:00\" \/>\n<meta name=\"twitter:card\" content=\"summary_large_image\" \/>\n<meta name=\"twitter:label1\" content=\"Est. reading time\" \/>\n\t<meta name=\"twitter:data1\" content=\"7 minutes\" \/>\n<script type=\"application\/ld+json\" class=\"yoast-schema-graph\">{\"@context\":\"https:\\\/\\\/schema.org\",\"@graph\":[{\"@type\":\"WebPage\",\"@id\":\"https:\\\/\\\/energiaaeterna.com\\\/en\\\/installations-of-electric-vehicle-recharging-points\\\/\",\"url\":\"https:\\\/\\\/energiaaeterna.com\\\/en\\\/installations-of-electric-vehicle-recharging-points\\\/\",\"name\":\"Electric Vehicle Recharging Point Installations in Tenerife\",\"isPartOf\":{\"@id\":\"https:\\\/\\\/energiaaeterna.com\\\/en\\\/#website\"},\"datePublished\":\"2019-11-29T23:57:09+00:00\",\"dateModified\":\"2026-02-09T18:06:59+00:00\",\"description\":\"Energ\u00eda Aeterna installs Electric Vehicle Charging Points in Tenerife for homes, public charging stations, shopping centers, etc.\",\"breadcrumb\":{\"@id\":\"https:\\\/\\\/energiaaeterna.com\\\/en\\\/installations-of-electric-vehicle-recharging-points\\\/#breadcrumb\"},\"inLanguage\":\"en-US\",\"potentialAction\":[{\"@type\":\"ReadAction\",\"target\":[\"https:\\\/\\\/energiaaeterna.com\\\/en\\\/installations-of-electric-vehicle-recharging-points\\\/\"]}]},{\"@type\":\"BreadcrumbList\",\"@id\":\"https:\\\/\\\/energiaaeterna.com\\\/en\\\/installations-of-electric-vehicle-recharging-points\\\/#breadcrumb\",\"itemListElement\":[{\"@type\":\"ListItem\",\"position\":1,\"name\":\"Home\",\"item\":\"https:\\\/\\\/energiaaeterna.com\\\/en\\\/\"},{\"@type\":\"ListItem\",\"position\":2,\"name\":\"Installations of electric vehicle recharging points\"}]},{\"@type\":\"WebSite\",\"@id\":\"https:\\\/\\\/energiaaeterna.com\\\/en\\\/#website\",\"url\":\"https:\\\/\\\/energiaaeterna.com\\\/en\\\/\",\"name\":\"Energ\u00eda Aeterna\",\"description\":\"Empresa de Energ\u00edas Renovables en Tenerife\",\"publisher\":{\"@id\":\"https:\\\/\\\/energiaaeterna.com\\\/en\\\/#organization\"},\"potentialAction\":[{\"@type\":\"SearchAction\",\"target\":{\"@type\":\"EntryPoint\",\"urlTemplate\":\"https:\\\/\\\/energiaaeterna.com\\\/en\\\/?s={search_term_string}\"},\"query-input\":{\"@type\":\"PropertyValueSpecification\",\"valueRequired\":true,\"valueName\":\"search_term_string\"}}],\"inLanguage\":\"en-US\"},{\"@type\":\"Organization\",\"@id\":\"https:\\\/\\\/energiaaeterna.com\\\/en\\\/#organization\",\"name\":\"Energ\u00eda Aeterna\",\"url\":\"https:\\\/\\\/energiaaeterna.com\\\/en\\\/\",\"logo\":{\"@type\":\"ImageObject\",\"inLanguage\":\"en-US\",\"@id\":\"https:\\\/\\\/energiaaeterna.com\\\/en\\\/#\\\/schema\\\/logo\\\/image\\\/\",\"url\":\"https:\\\/\\\/i2.wp.com\\\/energiaaeterna.com\\\/wp-content\\\/uploads\\\/2019\\\/08\\\/Energia-Aeterna-Logo-2-Color.png?fit=3544%2C947&ssl=1\",\"contentUrl\":\"https:\\\/\\\/i2.wp.com\\\/energiaaeterna.com\\\/wp-content\\\/uploads\\\/2019\\\/08\\\/Energia-Aeterna-Logo-2-Color.png?fit=3544%2C947&ssl=1\",\"width\":3544,\"height\":947,\"caption\":\"Energ\u00eda Aeterna\"},\"image\":{\"@id\":\"https:\\\/\\\/energiaaeterna.com\\\/en\\\/#\\\/schema\\\/logo\\\/image\\\/\"},\"sameAs\":[\"https:\\\/\\\/www.facebook.com\\\/energiaaeterna\\\/\",\"https:\\\/\\\/www.instagram.com\\\/energiaaeterna\\\/\",\"https:\\\/\\\/www.linkedin.com\\\/company\\\/77012092\\\/admin\\\/\"]}]}<\/script>\n<!-- \/ Yoast SEO plugin. -->","yoast_head_json":{"title":"Electric Vehicle Recharging Point Installations in Tenerife","description":"Energ\u00eda Aeterna installs Electric Vehicle Charging Points in Tenerife for homes, public charging stations, shopping centers, etc.","robots":{"index":"index","follow":"follow","max-snippet":"max-snippet:-1","max-image-preview":"max-image-preview:large","max-video-preview":"max-video-preview:-1"},"canonical":"https:\/\/energiaaeterna.com\/en\/installations-of-electric-vehicle-recharging-points\/","og_locale":"en_US","og_type":"article","og_title":"Electric Vehicle Recharging Point Installations in Tenerife","og_description":"Energ\u00eda Aeterna installs Electric Vehicle Charging Points in Tenerife for homes, public charging stations, shopping centers, etc.","og_url":"https:\/\/energiaaeterna.com\/en\/installations-of-electric-vehicle-recharging-points\/","og_site_name":"Energ\u00eda Aeterna","article_publisher":"https:\/\/www.facebook.com\/energiaaeterna\/","article_modified_time":"2026-02-09T18:06:59+00:00","twitter_card":"summary_large_image","twitter_misc":{"Est. reading time":"7 minutes"},"schema":{"@context":"https:\/\/schema.org","@graph":[{"@type":"WebPage","@id":"https:\/\/energiaaeterna.com\/en\/installations-of-electric-vehicle-recharging-points\/","url":"https:\/\/energiaaeterna.com\/en\/installations-of-electric-vehicle-recharging-points\/","name":"Electric Vehicle Recharging Point Installations in Tenerife","isPartOf":{"@id":"https:\/\/energiaaeterna.com\/en\/#website"},"datePublished":"2019-11-29T23:57:09+00:00","dateModified":"2026-02-09T18:06:59+00:00","description":"Energ\u00eda Aeterna installs Electric Vehicle Charging Points in Tenerife for homes, public charging stations, shopping centers, etc.","breadcrumb":{"@id":"https:\/\/energiaaeterna.com\/en\/installations-of-electric-vehicle-recharging-points\/#breadcrumb"},"inLanguage":"en-US","potentialAction":[{"@type":"ReadAction","target":["https:\/\/energiaaeterna.com\/en\/installations-of-electric-vehicle-recharging-points\/"]}]},{"@type":"BreadcrumbList","@id":"https:\/\/energiaaeterna.com\/en\/installations-of-electric-vehicle-recharging-points\/#breadcrumb","itemListElement":[{"@type":"ListItem","position":1,"name":"Home","item":"https:\/\/energiaaeterna.com\/en\/"},{"@type":"ListItem","position":2,"name":"Installations of electric vehicle recharging points"}]},{"@type":"WebSite","@id":"https:\/\/energiaaeterna.com\/en\/#website","url":"https:\/\/energiaaeterna.com\/en\/","name":"Energ\u00eda Aeterna","description":"Empresa de Energ\u00edas Renovables en Tenerife","publisher":{"@id":"https:\/\/energiaaeterna.com\/en\/#organization"},"potentialAction":[{"@type":"SearchAction","target":{"@type":"EntryPoint","urlTemplate":"https:\/\/energiaaeterna.com\/en\/?s={search_term_string}"},"query-input":{"@type":"PropertyValueSpecification","valueRequired":true,"valueName":"search_term_string"}}],"inLanguage":"en-US"},{"@type":"Organization","@id":"https:\/\/energiaaeterna.com\/en\/#organization","name":"Energ\u00eda Aeterna","url":"https:\/\/energiaaeterna.com\/en\/","logo":{"@type":"ImageObject","inLanguage":"en-US","@id":"https:\/\/energiaaeterna.com\/en\/#\/schema\/logo\/image\/","url":"https:\/\/i2.wp.com\/energiaaeterna.com\/wp-content\/uploads\/2019\/08\/Energia-Aeterna-Logo-2-Color.png?fit=3544%2C947&ssl=1","contentUrl":"https:\/\/i2.wp.com\/energiaaeterna.com\/wp-content\/uploads\/2019\/08\/Energia-Aeterna-Logo-2-Color.png?fit=3544%2C947&ssl=1","width":3544,"height":947,"caption":"Energ\u00eda Aeterna"},"image":{"@id":"https:\/\/energiaaeterna.com\/en\/#\/schema\/logo\/image\/"},"sameAs":["https:\/\/www.facebook.com\/energiaaeterna\/","https:\/\/www.instagram.com\/energiaaeterna\/","https:\/\/www.linkedin.com\/company\/77012092\/admin\/"]}]}},"_links":{"self":[{"href":"https:\/\/energiaaeterna.com\/en\/wp-json\/wp\/v2\/pages\/2142","targetHints":{"allow":["GET"]}}],"collection":[{"href":"https:\/\/energiaaeterna.com\/en\/wp-json\/wp\/v2\/pages"}],"about":[{"href":"https:\/\/energiaaeterna.com\/en\/wp-json\/wp\/v2\/types\/page"}],"author":[{"embeddable":true,"href":"https:\/\/energiaaeterna.com\/en\/wp-json\/wp\/v2\/users\/1"}],"replies":[{"embeddable":true,"href":"https:\/\/energiaaeterna.com\/en\/wp-json\/wp\/v2\/comments?post=2142"}],"version-history":[{"count":3,"href":"https:\/\/energiaaeterna.com\/en\/wp-json\/wp\/v2\/pages\/2142\/revisions"}],"predecessor-version":[{"id":3577,"href":"https:\/\/energiaaeterna.com\/en\/wp-json\/wp\/v2\/pages\/2142\/revisions\/3577"}],"wp:attachment":[{"href":"https:\/\/energiaaeterna.com\/en\/wp-json\/wp\/v2\/media?parent=2142"}],"curies":[{"name":"wp","href":"https:\/\/api.w.org\/{rel}","templated":true}]}}