{"id":2582,"date":"2024-04-12T12:40:13","date_gmt":"2024-04-12T12:40:13","guid":{"rendered":"https:\/\/energiaaeterna.com\/abonnieren-sie-den-energia-aeterna-newsletter\/"},"modified":"2025-03-26T17:30:17","modified_gmt":"2025-03-26T17:30:17","slug":"abonnieren-sie-den-energia-aeterna-newsletter","status":"publish","type":"page","link":"https:\/\/energiaaeterna.com\/de\/abonnieren-sie-den-energia-aeterna-newsletter\/","title":{"rendered":"Abonnieren Sie den Energia Aeterna Newsletter"},"content":{"rendered":"<p><div class=\"fusion-fullwidth fullwidth-box fusion-builder-row-1 fusion-flex-container has-pattern-background has-mask-background hundred-percent-fullwidth non-hundred-percent-height-scrolling\" style=\"--awb-border-radius-top-left:0px;--awb-border-radius-top-right:0px;--awb-border-radius-bottom-right:0px;--awb-border-radius-bottom-left:0px;--awb-padding-top:0px;--awb-padding-right:0px;--awb-padding-bottom:0px;--awb-padding-left:0px;--awb-flex-wrap:wrap;\" ><div class=\"fusion-builder-row fusion-row fusion-flex-align-items-stretch fusion-flex-content-wrap\" style=\"width:calc( 100% + 0px ) !important;max-width:calc( 100% + 0px ) !important;margin-left: calc(-0px \/ 2 );margin-right: calc(-0px \/ 2 );\"><div class=\"fusion-layout-column fusion_builder_column fusion-builder-column-0 fusion_builder_column_1_2 1_2 fusion-flex-column\" style=\"--awb-padding-top:100px;--awb-padding-right:6%;--awb-padding-bottom:100px;--awb-padding-left:6%;--awb-bg-size:cover;--awb-width-large:50%;--awb-margin-top-large:0px;--awb-spacing-right-large:0px;--awb-margin-bottom-large:0px;--awb-spacing-left-large:0px;--awb-width-medium:100%;--awb-spacing-right-medium:0px;--awb-spacing-left-medium:0px;--awb-width-small:100%;--awb-spacing-right-small:0px;--awb-spacing-left-small:0px;\"><div class=\"fusion-column-wrapper fusion-flex-justify-content-flex-start fusion-content-layout-column\"><div class=\"fusion-text fusion-text-1\"><p><iframe style=\"display: block; margin-left: auto; margin-right: auto; max-width: 100%;\" src=\"https:\/\/82a5b4a0.sibforms.com\/serve\/MUIFAI2Ulh5LgPjXVvWu2laQ9sRdiikIh31S9cGGJjB2qBFy_i3SgiosKdMl8KaVltGre-k0z_lCQbY4m6P9sQjr6F4Lbm3Bw2Cq7-8zYeT-jdBofwrgfIC0Oavq7oH3IJ8yyWK3Lmo7ryzTnv8CyvFkNNW0V2ajpUN395NQCnj8GimOQZQ66bd6ewJtutSnlPhU2cBy1Aoq6VOy\" width=\"540\" height=\"450\" frameborder=\"0\" scrolling=\"auto\" allowfullscreen=\"allowfullscreen\"><\/iframe><\/p>\n<\/div><div class=\"fusion-separator fusion-full-width-sep\" style=\"align-self: center;margin-left: auto;margin-right: auto;margin-bottom:20px;width:100%;\"><\/div><\/div><\/div><div class=\"fusion-layout-column fusion_builder_column fusion-builder-column-1 fusion_builder_column_1_2 1_2 fusion-flex-column\" style=\"--awb-bg-position:center center;--awb-bg-size:cover;--awb-width-large:50%;--awb-margin-top-large:0px;--awb-spacing-right-large:0px;--awb-margin-bottom-large:0px;--awb-spacing-left-large:0px;--awb-width-medium:100%;--awb-order-medium:0;--awb-spacing-right-medium:0px;--awb-spacing-left-medium:0px;--awb-width-small:100%;--awb-order-small:0;--awb-spacing-right-small:0px;--awb-spacing-left-small:0px;\" data-scroll-devices=\"small-visibility,medium-visibility,large-visibility\"><div class=\"fusion-column-wrapper lazyload fusion-column-has-shadow fusion-flex-justify-content-center fusion-content-layout-column fusion-column-has-bg-image\" data-bg-url=\"https:\/\/energiaaeterna.com\/wp-content\/uploads\/2024\/04\/Suscripcion-Energia-Aeterna.mp4\" data-bg=\"https:\/\/energiaaeterna.com\/wp-content\/uploads\/2024\/04\/Suscripcion-Energia-Aeterna.mp4\"><div class=\"fusion-video fusion-selfhosted-video\" style=\"max-width:100%;\"><div class=\"video-wrapper\"><video playsinline=\"true\" width=\"100%\" style=\"object-fit: cover;\" autoplay=\"true\" muted=\"true\" loop=\"true\" preload=\"auto\"><source src=\"https:\/\/energiaaeterna.com\/wp-content\/uploads\/2024\/04\/Suscripcion-Energia-Aeterna.mp4\" type=\"video\/mp4\">Sorry, your browser doesn&#039;t support embedded videos.<\/video><\/div><\/div><\/div><\/div><\/div><\/div><div class=\"fusion-fullwidth fullwidth-box fusion-builder-row-2 fusion-flex-container fusion-parallax-none nonhundred-percent-fullwidth non-hundred-percent-height-scrolling lazyload\" style=\"--awb-border-radius-top-left:0px;--awb-border-radius-top-right:0px;--awb-border-radius-bottom-right:0px;--awb-border-radius-bottom-left:0px;--awb-padding-top:200px;--awb-padding-bottom:200px;--awb-background-size:cover;--awb-flex-wrap:wrap;\" data-bg=\"https:\/\/energiaaeterna.com\/wp-content\/uploads\/2016\/11\/CTA_background.jpg\" ><div class=\"fusion-builder-row fusion-row fusion-flex-align-items-flex-start fusion-flex-content-wrap\" style=\"max-width:1216.8px;margin-left: calc(-4% \/ 2 );margin-right: calc(-4% \/ 2 );\"><div class=\"fusion-layout-column fusion_builder_column fusion-builder-column-2 fusion_builder_column_1_6 1_6 fusion-flex-column\" style=\"--awb-bg-size:cover;--awb-width-large:16.666666666667%;--awb-margin-top-large:0px;--awb-spacing-right-large:11.52%;--awb-margin-bottom-large:0px;--awb-spacing-left-large:11.52%;--awb-width-medium:100%;--awb-spacing-right-medium:1.92%;--awb-spacing-left-medium:1.92%;--awb-width-small:100%;--awb-spacing-right-small:1.92%;--awb-spacing-left-small:1.92%;\"><div class=\"fusion-column-wrapper fusion-flex-justify-content-flex-start fusion-content-layout-column\"><\/div><\/div><div class=\"fusion-layout-column fusion_builder_column fusion-builder-column-3 fusion_builder_column_2_3 2_3 fusion-flex-column\" style=\"--awb-bg-size:cover;--awb-width-large:66.666666666667%;--awb-margin-top-large:0px;--awb-spacing-right-large:2.88%;--awb-margin-bottom-large:0px;--awb-spacing-left-large:2.88%;--awb-width-medium:100%;--awb-spacing-right-medium:1.92%;--awb-spacing-left-medium:1.92%;--awb-width-small:100%;--awb-spacing-right-small:1.92%;--awb-spacing-left-small:1.92%;\"><div class=\"fusion-column-wrapper fusion-flex-justify-content-flex-start fusion-content-layout-column\"><div class=\"fusion-text fusion-text-2\"><h2 style=\"text-align: center; color: #fff; font-size: 60px;\">Selbstverzehr<\/h2>\n<\/div><div class=\"fusion-text fusion-text-3\"><p style=\"text-align: center; color: #fff; font-size: 25px; line-height: 48px;\">Werden Sie Ihr eigener Stromproduzent und sparen Sie vom ersten Tag an mit ENERG\u00cdA AETERNA<\/p>\n<\/div><div class=\"fusion-separator fusion-full-width-sep\" style=\"align-self: center;margin-left: auto;margin-right: auto;margin-top:20px;width:100%;\"><\/div><div style=\"text-align:center;\"><a class=\"fusion-button button-flat button-xlarge button-custom fusion-button-default button-1 fusion-button-default-span fusion-button-default-type\" style=\"--button_accent_color:#ffffff;--button_accent_hover_color:#ffffff;--button_border_hover_color:#ffffff;--button_border_width-top:1px;--button_border_width-right:1px;--button_border_width-bottom:1px;--button_border_width-left:1px;--button_gradient_top_color:rgba(76,81,102,0);--button_gradient_bottom_color:rgba(76,81,102,0);--button_gradient_top_color_hover:#25afb4;--button_gradient_bottom_color_hover:#25afb4;\" target=\"_self\" href=\"https:\/\/energiaaeterna.com\/contacto\/\"><span class=\"fusion-button-text awb-button__text awb-button__text--default\">Kontakt<\/span><\/a><\/div><\/div><\/div><div class=\"fusion-layout-column fusion_builder_column fusion-builder-column-4 fusion_builder_column_1_6 1_6 fusion-flex-column\" style=\"--awb-bg-size:cover;--awb-width-large:16.666666666667%;--awb-margin-top-large:0px;--awb-spacing-right-large:11.52%;--awb-margin-bottom-large:0px;--awb-spacing-left-large:11.52%;--awb-width-medium:100%;--awb-spacing-right-medium:1.92%;--awb-spacing-left-medium:1.92%;--awb-width-small:100%;--awb-spacing-right-small:1.92%;--awb-spacing-left-small:1.92%;\"><div class=\"fusion-column-wrapper fusion-flex-justify-content-flex-start fusion-content-layout-column\"><\/div><\/div><\/div><\/div><\/p>\n","protected":false},"excerpt":{"rendered":"","protected":false},"author":1,"featured_media":2586,"parent":0,"menu_order":0,"comment_status":"closed","ping_status":"closed","template":"100-width.php","meta":{"footnotes":""},"class_list":["post-2582","page","type-page","status-publish","has-post-thumbnail","hentry"],"yoast_head":"<!-- This site is optimized with the Yoast SEO plugin v27.3 - https:\/\/yoast.com\/product\/yoast-seo-wordpress\/ -->\n<title>Abonnieren Sie den Energia Aeterna Newsletter | Energ\u00eda Aeterna<\/title>\n<meta name=\"description\" content=\"Abonnieren Sie den Energ\u00eda Aeterna Newsletter. Abonnieren Sie den Newsletter und wir halten Sie \u00fcber die besten Produkte und relevanten Neuigkeiten auf dem Laufenden.\" \/>\n<meta name=\"robots\" content=\"index, follow, max-snippet:-1, max-image-preview:large, max-video-preview:-1\" \/>\n<link rel=\"canonical\" href=\"https:\/\/energiaaeterna.com\/de\/abonnieren-sie-den-energia-aeterna-newsletter\/\" \/>\n<meta property=\"og:locale\" content=\"de_DE\" \/>\n<meta property=\"og:type\" content=\"article\" \/>\n<meta property=\"og:title\" content=\"Abonnieren Sie den Energia Aeterna Newsletter\" \/>\n<meta property=\"og:description\" content=\"Abonnieren Sie den Energ\u00eda Aeterna Newsletter. Abonnieren Sie den Newsletter und wir halten Sie \u00fcber die besten Produkte und relevanten Neuigkeiten auf dem Laufenden.\" \/>\n<meta property=\"og:url\" content=\"https:\/\/energiaaeterna.com\/de\/abonnieren-sie-den-energia-aeterna-newsletter\/\" \/>\n<meta property=\"og:site_name\" content=\"Energ\u00eda Aeterna\" \/>\n<meta property=\"article:publisher\" content=\"https:\/\/www.facebook.com\/energiaaeterna\/\" \/>\n<meta property=\"article:modified_time\" content=\"2025-03-26T17:30:17+00:00\" \/>\n<meta property=\"og:image\" content=\"https:\/\/energiaaeterna.com\/wp-content\/uploads\/2024\/04\/Copia-de-Suscripcion-Energia-Aeterna-4-1024x717.jpg\" \/>\n<meta name=\"twitter:card\" content=\"summary_large_image\" \/>\n<meta name=\"twitter:label1\" content=\"Gesch\u00e4tzte Lesezeit\" \/>\n\t<meta name=\"twitter:data1\" content=\"10\u00a0Minuten\" \/>\n<script type=\"application\/ld+json\" class=\"yoast-schema-graph\">{\"@context\":\"https:\\\/\\\/schema.org\",\"@graph\":[{\"@type\":\"WebPage\",\"@id\":\"https:\\\/\\\/energiaaeterna.com\\\/de\\\/abonnieren-sie-den-energia-aeterna-newsletter\\\/\",\"url\":\"https:\\\/\\\/energiaaeterna.com\\\/de\\\/abonnieren-sie-den-energia-aeterna-newsletter\\\/\",\"name\":\"Abonnieren Sie den Energia Aeterna Newsletter | Energ\u00eda Aeterna\",\"isPartOf\":{\"@id\":\"https:\\\/\\\/energiaaeterna.com\\\/de\\\/#website\"},\"primaryImageOfPage\":{\"@id\":\"https:\\\/\\\/energiaaeterna.com\\\/de\\\/abonnieren-sie-den-energia-aeterna-newsletter\\\/#primaryimage\"},\"image\":{\"@id\":\"https:\\\/\\\/energiaaeterna.com\\\/de\\\/abonnieren-sie-den-energia-aeterna-newsletter\\\/#primaryimage\"},\"thumbnailUrl\":\"https:\\\/\\\/energiaaeterna.com\\\/wp-content\\\/uploads\\\/2024\\\/04\\\/Copia-de-Suscripcion-Energia-Aeterna-4.jpg\",\"datePublished\":\"2024-04-12T12:40:13+00:00\",\"dateModified\":\"2025-03-26T17:30:17+00:00\",\"description\":\"Abonnieren Sie den Energ\u00eda Aeterna Newsletter. Abonnieren Sie den Newsletter und wir halten Sie \u00fcber die besten Produkte und relevanten Neuigkeiten auf dem Laufenden.\",\"breadcrumb\":{\"@id\":\"https:\\\/\\\/energiaaeterna.com\\\/de\\\/abonnieren-sie-den-energia-aeterna-newsletter\\\/#breadcrumb\"},\"inLanguage\":\"de\",\"potentialAction\":[{\"@type\":\"ReadAction\",\"target\":[\"https:\\\/\\\/energiaaeterna.com\\\/de\\\/abonnieren-sie-den-energia-aeterna-newsletter\\\/\"]}]},{\"@type\":\"ImageObject\",\"inLanguage\":\"de\",\"@id\":\"https:\\\/\\\/energiaaeterna.com\\\/de\\\/abonnieren-sie-den-energia-aeterna-newsletter\\\/#primaryimage\",\"url\":\"https:\\\/\\\/energiaaeterna.com\\\/wp-content\\\/uploads\\\/2024\\\/04\\\/Copia-de-Suscripcion-Energia-Aeterna-4.jpg\",\"contentUrl\":\"https:\\\/\\\/energiaaeterna.com\\\/wp-content\\\/uploads\\\/2024\\\/04\\\/Copia-de-Suscripcion-Energia-Aeterna-4.jpg\",\"width\":1575,\"height\":1103,\"caption\":\"xr:d:DAGCNGjDPqc:9,j:2176789164705381695,t:24041214\"},{\"@type\":\"BreadcrumbList\",\"@id\":\"https:\\\/\\\/energiaaeterna.com\\\/de\\\/abonnieren-sie-den-energia-aeterna-newsletter\\\/#breadcrumb\",\"itemListElement\":[{\"@type\":\"ListItem\",\"position\":1,\"name\":\"Home\",\"item\":\"https:\\\/\\\/energiaaeterna.com\\\/de\\\/\"},{\"@type\":\"ListItem\",\"position\":2,\"name\":\"Abonnieren Sie den Energia Aeterna Newsletter\"}]},{\"@type\":\"WebSite\",\"@id\":\"https:\\\/\\\/energiaaeterna.com\\\/de\\\/#website\",\"url\":\"https:\\\/\\\/energiaaeterna.com\\\/de\\\/\",\"name\":\"Energ\u00eda Aeterna\",\"description\":\"Empresa de Energ\u00edas Renovables en Tenerife\",\"publisher\":{\"@id\":\"https:\\\/\\\/energiaaeterna.com\\\/de\\\/#organization\"},\"potentialAction\":[{\"@type\":\"SearchAction\",\"target\":{\"@type\":\"EntryPoint\",\"urlTemplate\":\"https:\\\/\\\/energiaaeterna.com\\\/de\\\/?s={search_term_string}\"},\"query-input\":{\"@type\":\"PropertyValueSpecification\",\"valueRequired\":true,\"valueName\":\"search_term_string\"}}],\"inLanguage\":\"de\"},{\"@type\":\"Organization\",\"@id\":\"https:\\\/\\\/energiaaeterna.com\\\/de\\\/#organization\",\"name\":\"Energ\u00eda Aeterna\",\"url\":\"https:\\\/\\\/energiaaeterna.com\\\/de\\\/\",\"logo\":{\"@type\":\"ImageObject\",\"inLanguage\":\"de\",\"@id\":\"https:\\\/\\\/energiaaeterna.com\\\/de\\\/#\\\/schema\\\/logo\\\/image\\\/\",\"url\":\"https:\\\/\\\/i2.wp.com\\\/energiaaeterna.com\\\/wp-content\\\/uploads\\\/2019\\\/08\\\/Energia-Aeterna-Logo-2-Color.png?fit=3544%2C947&ssl=1\",\"contentUrl\":\"https:\\\/\\\/i2.wp.com\\\/energiaaeterna.com\\\/wp-content\\\/uploads\\\/2019\\\/08\\\/Energia-Aeterna-Logo-2-Color.png?fit=3544%2C947&ssl=1\",\"width\":3544,\"height\":947,\"caption\":\"Energ\u00eda Aeterna\"},\"image\":{\"@id\":\"https:\\\/\\\/energiaaeterna.com\\\/de\\\/#\\\/schema\\\/logo\\\/image\\\/\"},\"sameAs\":[\"https:\\\/\\\/www.facebook.com\\\/energiaaeterna\\\/\",\"https:\\\/\\\/www.instagram.com\\\/energiaaeterna\\\/\",\"https:\\\/\\\/www.linkedin.com\\\/company\\\/77012092\\\/admin\\\/\"]}]}<\/script>\n<!-- \/ Yoast SEO plugin. -->","yoast_head_json":{"title":"Abonnieren Sie den Energia Aeterna Newsletter | Energ\u00eda Aeterna","description":"Abonnieren Sie den Energ\u00eda Aeterna Newsletter. Abonnieren Sie den Newsletter und wir halten Sie \u00fcber die besten Produkte und relevanten Neuigkeiten auf dem Laufenden.","robots":{"index":"index","follow":"follow","max-snippet":"max-snippet:-1","max-image-preview":"max-image-preview:large","max-video-preview":"max-video-preview:-1"},"canonical":"https:\/\/energiaaeterna.com\/de\/abonnieren-sie-den-energia-aeterna-newsletter\/","og_locale":"de_DE","og_type":"article","og_title":"Abonnieren Sie den Energia Aeterna Newsletter","og_description":"Abonnieren Sie den Energ\u00eda Aeterna Newsletter. Abonnieren Sie den Newsletter und wir halten Sie \u00fcber die besten Produkte und relevanten Neuigkeiten auf dem Laufenden.","og_url":"https:\/\/energiaaeterna.com\/de\/abonnieren-sie-den-energia-aeterna-newsletter\/","og_site_name":"Energ\u00eda Aeterna","article_publisher":"https:\/\/www.facebook.com\/energiaaeterna\/","article_modified_time":"2025-03-26T17:30:17+00:00","og_image":[{"url":"https:\/\/energiaaeterna.com\/wp-content\/uploads\/2024\/04\/Copia-de-Suscripcion-Energia-Aeterna-4-1024x717.jpg","type":"","width":"","height":""}],"twitter_card":"summary_large_image","twitter_misc":{"Gesch\u00e4tzte Lesezeit":"10\u00a0Minuten"},"schema":{"@context":"https:\/\/schema.org","@graph":[{"@type":"WebPage","@id":"https:\/\/energiaaeterna.com\/de\/abonnieren-sie-den-energia-aeterna-newsletter\/","url":"https:\/\/energiaaeterna.com\/de\/abonnieren-sie-den-energia-aeterna-newsletter\/","name":"Abonnieren Sie den Energia Aeterna Newsletter | Energ\u00eda Aeterna","isPartOf":{"@id":"https:\/\/energiaaeterna.com\/de\/#website"},"primaryImageOfPage":{"@id":"https:\/\/energiaaeterna.com\/de\/abonnieren-sie-den-energia-aeterna-newsletter\/#primaryimage"},"image":{"@id":"https:\/\/energiaaeterna.com\/de\/abonnieren-sie-den-energia-aeterna-newsletter\/#primaryimage"},"thumbnailUrl":"https:\/\/energiaaeterna.com\/wp-content\/uploads\/2024\/04\/Copia-de-Suscripcion-Energia-Aeterna-4.jpg","datePublished":"2024-04-12T12:40:13+00:00","dateModified":"2025-03-26T17:30:17+00:00","description":"Abonnieren Sie den Energ\u00eda Aeterna Newsletter. Abonnieren Sie den Newsletter und wir halten Sie \u00fcber die besten Produkte und relevanten Neuigkeiten auf dem Laufenden.","breadcrumb":{"@id":"https:\/\/energiaaeterna.com\/de\/abonnieren-sie-den-energia-aeterna-newsletter\/#breadcrumb"},"inLanguage":"de","potentialAction":[{"@type":"ReadAction","target":["https:\/\/energiaaeterna.com\/de\/abonnieren-sie-den-energia-aeterna-newsletter\/"]}]},{"@type":"ImageObject","inLanguage":"de","@id":"https:\/\/energiaaeterna.com\/de\/abonnieren-sie-den-energia-aeterna-newsletter\/#primaryimage","url":"https:\/\/energiaaeterna.com\/wp-content\/uploads\/2024\/04\/Copia-de-Suscripcion-Energia-Aeterna-4.jpg","contentUrl":"https:\/\/energiaaeterna.com\/wp-content\/uploads\/2024\/04\/Copia-de-Suscripcion-Energia-Aeterna-4.jpg","width":1575,"height":1103,"caption":"xr:d:DAGCNGjDPqc:9,j:2176789164705381695,t:24041214"},{"@type":"BreadcrumbList","@id":"https:\/\/energiaaeterna.com\/de\/abonnieren-sie-den-energia-aeterna-newsletter\/#breadcrumb","itemListElement":[{"@type":"ListItem","position":1,"name":"Home","item":"https:\/\/energiaaeterna.com\/de\/"},{"@type":"ListItem","position":2,"name":"Abonnieren Sie den Energia Aeterna Newsletter"}]},{"@type":"WebSite","@id":"https:\/\/energiaaeterna.com\/de\/#website","url":"https:\/\/energiaaeterna.com\/de\/","name":"Energ\u00eda Aeterna","description":"Empresa de Energ\u00edas Renovables en Tenerife","publisher":{"@id":"https:\/\/energiaaeterna.com\/de\/#organization"},"potentialAction":[{"@type":"SearchAction","target":{"@type":"EntryPoint","urlTemplate":"https:\/\/energiaaeterna.com\/de\/?s={search_term_string}"},"query-input":{"@type":"PropertyValueSpecification","valueRequired":true,"valueName":"search_term_string"}}],"inLanguage":"de"},{"@type":"Organization","@id":"https:\/\/energiaaeterna.com\/de\/#organization","name":"Energ\u00eda Aeterna","url":"https:\/\/energiaaeterna.com\/de\/","logo":{"@type":"ImageObject","inLanguage":"de","@id":"https:\/\/energiaaeterna.com\/de\/#\/schema\/logo\/image\/","url":"https:\/\/i2.wp.com\/energiaaeterna.com\/wp-content\/uploads\/2019\/08\/Energia-Aeterna-Logo-2-Color.png?fit=3544%2C947&ssl=1","contentUrl":"https:\/\/i2.wp.com\/energiaaeterna.com\/wp-content\/uploads\/2019\/08\/Energia-Aeterna-Logo-2-Color.png?fit=3544%2C947&ssl=1","width":3544,"height":947,"caption":"Energ\u00eda Aeterna"},"image":{"@id":"https:\/\/energiaaeterna.com\/de\/#\/schema\/logo\/image\/"},"sameAs":["https:\/\/www.facebook.com\/energiaaeterna\/","https:\/\/www.instagram.com\/energiaaeterna\/","https:\/\/www.linkedin.com\/company\/77012092\/admin\/"]}]}},"_links":{"self":[{"href":"https:\/\/energiaaeterna.com\/de\/wp-json\/wp\/v2\/pages\/2582","targetHints":{"allow":["GET"]}}],"collection":[{"href":"https:\/\/energiaaeterna.com\/de\/wp-json\/wp\/v2\/pages"}],"about":[{"href":"https:\/\/energiaaeterna.com\/de\/wp-json\/wp\/v2\/types\/page"}],"author":[{"embeddable":true,"href":"https:\/\/energiaaeterna.com\/de\/wp-json\/wp\/v2\/users\/1"}],"replies":[{"embeddable":true,"href":"https:\/\/energiaaeterna.com\/de\/wp-json\/wp\/v2\/comments?post=2582"}],"version-history":[{"count":1,"href":"https:\/\/energiaaeterna.com\/de\/wp-json\/wp\/v2\/pages\/2582\/revisions"}],"predecessor-version":[{"id":2592,"href":"https:\/\/energiaaeterna.com\/de\/wp-json\/wp\/v2\/pages\/2582\/revisions\/2592"}],"wp:featuredmedia":[{"embeddable":true,"href":"https:\/\/energiaaeterna.com\/de\/wp-json\/wp\/v2\/media\/2586"}],"wp:attachment":[{"href":"https:\/\/energiaaeterna.com\/de\/wp-json\/wp\/v2\/media?parent=2582"}],"curies":[{"name":"wp","href":"https:\/\/api.w.org\/{rel}","templated":true}]}}