{"id":2545,"date":"2019-12-10T14:33:36","date_gmt":"2019-12-10T14:33:36","guid":{"rendered":"https:\/\/energiaaeterna.com\/selbstverbrauch-von-strom\/"},"modified":"2025-03-26T17:30:17","modified_gmt":"2025-03-26T17:30:17","slug":"selbstverbrauch-von-strom","status":"publish","type":"page","link":"https:\/\/energiaaeterna.com\/de\/selbstverbrauch-von-strom\/","title":{"rendered":"Selbstverbrauch von Strom"},"content":{"rendered":"<p><div class=\"fusion-fullwidth fullwidth-box fusion-builder-row-1 fusion-flex-container hundred-percent-fullwidth non-hundred-percent-height-scrolling\" style=\"--awb-border-radius-top-left:0px;--awb-border-radius-top-right:0px;--awb-border-radius-bottom-right:0px;--awb-border-radius-bottom-left:0px;--awb-padding-top:0px;--awb-padding-right:0px;--awb-padding-bottom:0px;--awb-padding-left:0px;--awb-flex-wrap:wrap;\" ><div class=\"fusion-builder-row fusion-row fusion-flex-align-items-stretch fusion-flex-content-wrap\" style=\"width:calc( 100% + 0px ) !important;max-width:calc( 100% + 0px ) !important;margin-left: calc(-0px \/ 2 );margin-right: calc(-0px \/ 2 );\"><div class=\"fusion-layout-column fusion_builder_column fusion-builder-column-0 fusion_builder_column_1_2 1_2 fusion-flex-column\" style=\"--awb-padding-top:100px;--awb-padding-right:6%;--awb-padding-bottom:100px;--awb-padding-left:6%;--awb-bg-size:cover;--awb-width-large:50%;--awb-margin-top-large:0px;--awb-spacing-right-large:0px;--awb-margin-bottom-large:0px;--awb-spacing-left-large:0px;--awb-width-medium:100%;--awb-spacing-right-medium:0px;--awb-spacing-left-medium:0px;--awb-width-small:100%;--awb-spacing-right-small:0px;--awb-spacing-left-small:0px;\"><div class=\"fusion-column-wrapper fusion-flex-justify-content-flex-start fusion-content-layout-column\"><div class=\"fusion-text fusion-text-1\"><h2>Selbstverbrauch von Strom auf Teneriffa<\/h2>\n<\/div><div class=\"fusion-separator\" style=\"align-self: flex-start;margin-right:auto;margin-bottom:30px;width:100%;max-width:100px;\"><div class=\"fusion-separator-border sep-single sep-solid\" style=\"--awb-height:20px;--awb-amount:20px;--awb-sep-color:#25afb4;border-color:#25afb4;border-top-width:2px;\"><\/div><\/div><div class=\"fusion-text fusion-text-2\"><p>F\u00fcr den Eigenverbrauch von Strom auf Teneriffa bietet Ihnen <a href=\"https:\/\/energiaaeterna.com\/de\/\">ENERG\u00cdA AETERNA<\/a> die Photovoltaik-Technologie, die Sie ben\u00f6tigen, um Ihr eigener Erzeuger von 100% erneuerbarem Strom zu werden. Eine saubere Energie, die nach der Verabschiedung der Verordnungen \u00fcber den Eigenverbrauch von Energie von der kanarischen Gemeinschaft mit Subventionen f\u00fcr die Installation von Solarmodulen f\u00fcr den Eigenverbrauch von Strom auf Teneriffa und Rabatten bei der Zahlung von Steuern, die eine umweltfreundlichere Zukunft f\u00f6rdern, gef\u00f6rdert wird. <\/p>\n<p>Wir untersuchen Ihr Projekt und beraten Sie bei der Wahl der f\u00fcr Ihren Eigenverbrauch am besten geeigneten Photovoltaikanlage, mit der Sie vom ersten Moment an Geld auf Ihrer Rechnung sparen. Wir helfen Ihnen auch bei der Beantragung von Subventionen. <\/p>\n<blockquote>\n<p><strong>Sp\u00fcren Sie unsere Energie, die AETERNA ENERGY.<\/strong><\/p>\n<\/blockquote>\n<\/div><div class=\"fusion-separator fusion-full-width-sep\" style=\"align-self: center;margin-left: auto;margin-right: auto;margin-bottom:20px;width:100%;\"><\/div><div style=\"text-align:center;\"><a class=\"fusion-button button-flat fusion-button-default-size button-default fusion-button-default button-1 fusion-button-default-span fusion-button-default-type\" target=\"_self\" href=\"https:\/\/energiaaeterna.com\/de\/kontakt\/\"><span class=\"fusion-button-text awb-button__text awb-button__text--default\">Informationen anfordern<\/span><\/a><\/div><\/div><\/div><div class=\"fusion-layout-column fusion_builder_column fusion-builder-column-1 fusion_builder_column_1_2 1_2 fusion-flex-column\" style=\"--awb-bg-position:center center;--awb-bg-size:cover;--awb-width-large:50%;--awb-margin-top-large:0px;--awb-spacing-right-large:0px;--awb-margin-bottom-large:0px;--awb-spacing-left-large:0px;--awb-width-medium:100%;--awb-spacing-right-medium:0px;--awb-spacing-left-medium:0px;--awb-width-small:100%;--awb-spacing-right-small:0px;--awb-spacing-left-small:0px;\"><div class=\"fusion-column-wrapper lazyload fusion-column-has-shadow fusion-flex-justify-content-center fusion-content-layout-column fusion-empty-column-bg-image fusion-column-has-bg-image\" data-bg-url=\"https:\/\/energiaaeterna.com\/wp-content\/uploads\/2019\/12\/autoconsumo-electrico-ok.jpg\" data-bg=\"https:\/\/energiaaeterna.com\/wp-content\/uploads\/2019\/12\/autoconsumo-electrico-ok.jpg\"><img decoding=\"async\" class=\"fusion-empty-dims-img-placeholder fusion-no-large-visibility\" aria-label=\"autoconsumo electrico ok\" src=\"data:image\/svg+xml,%3Csvg%20xmlns%3D%27http%3A%2F%2Fwww.w3.org%2F2000%2Fsvg%27%20width%3D%271500%27%20height%3D%27900%27%20viewBox%3D%270%200%201500%20900%27%3E%3Crect%20width%3D%271500%27%20height%3D%27900%27%20fill-opacity%3D%220%22%2F%3E%3C%2Fsvg%3E\"><\/div><\/div><\/div><\/div><div class=\"fusion-fullwidth fullwidth-box fusion-builder-row-2 fusion-flex-container hundred-percent-fullwidth non-hundred-percent-height-scrolling\" style=\"--awb-border-radius-top-left:0px;--awb-border-radius-top-right:0px;--awb-border-radius-bottom-right:0px;--awb-border-radius-bottom-left:0px;--awb-padding-top:0px;--awb-padding-right:0px;--awb-padding-bottom:0px;--awb-padding-left:0px;--awb-flex-wrap:wrap;\" ><div class=\"fusion-builder-row fusion-row fusion-flex-align-items-stretch fusion-flex-content-wrap\" style=\"width:calc( 100% + 0px ) !important;max-width:calc( 100% + 0px ) !important;margin-left: calc(-0px \/ 2 );margin-right: calc(-0px \/ 2 );\"><div class=\"fusion-layout-column fusion_builder_column fusion-builder-column-2 fusion_builder_column_1_4 1_4 fusion-flex-column\" style=\"--awb-padding-top:100px;--awb-padding-right:20%;--awb-padding-bottom:100px;--awb-padding-left:20%;--awb-bg-color:#f5f5f5;--awb-bg-color-hover:#f5f5f5;--awb-bg-size:cover;--awb-width-large:25%;--awb-margin-top-large:0px;--awb-spacing-right-large:0px;--awb-margin-bottom-large:0px;--awb-spacing-left-large:0px;--awb-width-medium:100%;--awb-spacing-right-medium:0px;--awb-spacing-left-medium:0px;--awb-width-small:100%;--awb-spacing-right-small:0px;--awb-spacing-left-small:0px;\"><div class=\"fusion-column-wrapper fusion-column-has-shadow fusion-flex-justify-content-center fusion-content-layout-column\"><i class=\"fb-icon-element-1 fb-icon-element fontawesome-icon fa-seedling fas circle-no\" style=\"--awb-iconcolor:#25afb4;--awb-iconcolor-hover:#25afb4;--awb-font-size:35px;--awb-margin-top:0;--awb-margin-right:0;--awb-margin-bottom:0;--awb-margin-left:0;--awb-align-self:center;\"><\/i><div class=\"fusion-separator fusion-full-width-sep\" style=\"align-self: center;margin-left: auto;margin-right: auto;margin-bottom:20px;width:100%;\"><\/div><div class=\"fusion-text fusion-text-3\"><h3 style=\"text-align: center;\">100% erneuerbar<\/h3>\n<\/div><div class=\"fusion-separator fusion-full-width-sep\" style=\"align-self: center;margin-left: auto;margin-right: auto;margin-bottom:20px;width:100%;\"><\/div><div class=\"fusion-text fusion-text-4\"><p style=\"text-align: center;\">Saubere Technologie, die zu gr\u00fcnem Wohnraum beitr\u00e4gt<\/p>\n<\/div><\/div><\/div><div class=\"fusion-layout-column fusion_builder_column fusion-builder-column-3 fusion_builder_column_1_4 1_4 fusion-flex-column\" style=\"--awb-padding-top:100px;--awb-padding-right:20%;--awb-padding-bottom:100px;--awb-padding-left:20%;--awb-bg-color:#ededed;--awb-bg-color-hover:#ededed;--awb-bg-size:cover;--awb-width-large:25%;--awb-margin-top-large:0px;--awb-spacing-right-large:0px;--awb-margin-bottom-large:0px;--awb-spacing-left-large:0px;--awb-width-medium:100%;--awb-spacing-right-medium:0px;--awb-spacing-left-medium:0px;--awb-width-small:100%;--awb-spacing-right-small:0px;--awb-spacing-left-small:0px;\"><div class=\"fusion-column-wrapper fusion-column-has-shadow fusion-flex-justify-content-center fusion-content-layout-column\"><i class=\"fb-icon-element-2 fb-icon-element fontawesome-icon fa-user-edit fas circle-no\" style=\"--awb-iconcolor:#25afb4;--awb-iconcolor-hover:#25afb4;--awb-font-size:35px;--awb-margin-top:0;--awb-margin-right:0;--awb-margin-bottom:0;--awb-margin-left:0;--awb-align-self:center;\"><\/i><div class=\"fusion-separator fusion-full-width-sep\" style=\"align-self: center;margin-left: auto;margin-right: auto;margin-bottom:20px;width:100%;\"><\/div><div class=\"fusion-text fusion-text-5\"><h3 style=\"text-align: center;\">Subventionen<\/h3>\n<\/div><div class=\"fusion-separator fusion-full-width-sep\" style=\"align-self: center;margin-left: auto;margin-right: auto;margin-bottom:20px;width:100%;\"><\/div><div class=\"fusion-text fusion-text-6\"><p style=\"text-align: center;\">Wir helfen Ihnen bei der Bearbeitung von Subventionsantr\u00e4gen<\/p>\n<\/div><\/div><\/div><div class=\"fusion-layout-column fusion_builder_column fusion-builder-column-4 fusion_builder_column_1_4 1_4 fusion-flex-column\" style=\"--awb-padding-top:100px;--awb-padding-right:20%;--awb-padding-bottom:100px;--awb-padding-left:20%;--awb-bg-color:#f5f5f5;--awb-bg-color-hover:#f5f5f5;--awb-bg-size:cover;--awb-width-large:25%;--awb-margin-top-large:0px;--awb-spacing-right-large:0px;--awb-margin-bottom-large:0px;--awb-spacing-left-large:0px;--awb-width-medium:100%;--awb-spacing-right-medium:0px;--awb-spacing-left-medium:0px;--awb-width-small:100%;--awb-spacing-right-small:0px;--awb-spacing-left-small:0px;\"><div class=\"fusion-column-wrapper fusion-column-has-shadow fusion-flex-justify-content-center fusion-content-layout-column\"><i class=\"fb-icon-element-3 fb-icon-element fontawesome-icon fa-home fas circle-no\" style=\"--awb-iconcolor:#25afb4;--awb-iconcolor-hover:#25afb4;--awb-font-size:35px;--awb-margin-top:0;--awb-margin-right:0;--awb-margin-bottom:0;--awb-margin-left:0;--awb-align-self:center;\"><\/i><div class=\"fusion-separator fusion-full-width-sep\" style=\"align-self: center;margin-left: auto;margin-right: auto;margin-bottom:20px;width:100%;\"><\/div><div class=\"fusion-text fusion-text-7\"><h3 style=\"text-align: center;\">IBI-Rabatt<\/h3>\n<\/div><div class=\"fusion-separator fusion-full-width-sep\" style=\"align-self: center;margin-left: auto;margin-right: auto;margin-bottom:20px;width:100%;\"><\/div><div class=\"fusion-text fusion-text-8\"><p style=\"text-align: center;\">Jede Gemeinde gew\u00e4hrt einen Rabatt auf die IBI (Grundsteuer).<\/p>\n<\/div><\/div><\/div><div class=\"fusion-layout-column fusion_builder_column fusion-builder-column-5 fusion_builder_column_1_4 1_4 fusion-flex-column\" style=\"--awb-padding-top:100px;--awb-padding-right:20%;--awb-padding-bottom:100px;--awb-padding-left:20%;--awb-bg-color:#ededed;--awb-bg-color-hover:#ededed;--awb-bg-size:cover;--awb-width-large:25%;--awb-margin-top-large:0px;--awb-spacing-right-large:0px;--awb-margin-bottom-large:0px;--awb-spacing-left-large:0px;--awb-width-medium:100%;--awb-spacing-right-medium:0px;--awb-spacing-left-medium:0px;--awb-width-small:100%;--awb-spacing-right-small:0px;--awb-spacing-left-small:0px;\"><div class=\"fusion-column-wrapper fusion-column-has-shadow fusion-flex-justify-content-center fusion-content-layout-column\"><i class=\"fb-icon-element-4 fb-icon-element fontawesome-icon fa-euro-sign fas circle-no\" style=\"--awb-iconcolor:#25afb4;--awb-iconcolor-hover:#25afb4;--awb-font-size:35px;--awb-margin-top:0;--awb-margin-right:0;--awb-margin-bottom:0;--awb-margin-left:0;--awb-align-self:center;\"><\/i><div class=\"fusion-separator fusion-full-width-sep\" style=\"align-self: center;margin-left: auto;margin-right: auto;margin-bottom:20px;width:100%;\"><\/div><div class=\"fusion-text fusion-text-9\"><h3 style=\"text-align: center;\">Bester Preis<\/h3>\n<\/div><div class=\"fusion-separator fusion-full-width-sep\" style=\"align-self: center;margin-left: auto;margin-right: auto;margin-bottom:20px;width:100%;\"><\/div><div class=\"fusion-text fusion-text-10\"><p style=\"text-align: center;\">Sparen Sie vom ersten Tag der Installation an<\/p>\n<\/div><\/div><\/div><\/div><\/div><div class=\"fusion-fullwidth fullwidth-box fusion-builder-row-3 fusion-flex-container fusion-parallax-none nonhundred-percent-fullwidth non-hundred-percent-height-scrolling lazyload\" style=\"--awb-border-radius-top-left:0px;--awb-border-radius-top-right:0px;--awb-border-radius-bottom-right:0px;--awb-border-radius-bottom-left:0px;--awb-padding-top:200px;--awb-padding-bottom:200px;--awb-background-size:cover;--awb-flex-wrap:wrap;\" data-bg=\"https:\/\/energiaaeterna.com\/wp-content\/uploads\/2016\/11\/CTA_background.jpg\" ><div class=\"fusion-builder-row fusion-row fusion-flex-align-items-flex-start fusion-flex-content-wrap\" style=\"max-width:1216.8px;margin-left: calc(-4% \/ 2 );margin-right: calc(-4% \/ 2 );\"><div class=\"fusion-layout-column fusion_builder_column fusion-builder-column-6 fusion_builder_column_1_6 1_6 fusion-flex-column\" style=\"--awb-bg-size:cover;--awb-width-large:16.666666666667%;--awb-margin-top-large:0px;--awb-spacing-right-large:11.52%;--awb-margin-bottom-large:0px;--awb-spacing-left-large:11.52%;--awb-width-medium:100%;--awb-spacing-right-medium:1.92%;--awb-spacing-left-medium:1.92%;--awb-width-small:100%;--awb-spacing-right-small:1.92%;--awb-spacing-left-small:1.92%;\"><div class=\"fusion-column-wrapper fusion-flex-justify-content-flex-start fusion-content-layout-column\"><\/div><\/div><div class=\"fusion-layout-column fusion_builder_column fusion-builder-column-7 fusion_builder_column_2_3 2_3 fusion-flex-column\" style=\"--awb-bg-size:cover;--awb-width-large:66.666666666667%;--awb-margin-top-large:0px;--awb-spacing-right-large:2.88%;--awb-margin-bottom-large:0px;--awb-spacing-left-large:2.88%;--awb-width-medium:100%;--awb-spacing-right-medium:1.92%;--awb-spacing-left-medium:1.92%;--awb-width-small:100%;--awb-spacing-right-small:1.92%;--awb-spacing-left-small:1.92%;\"><div class=\"fusion-column-wrapper fusion-flex-justify-content-flex-start fusion-content-layout-column\"><div class=\"fusion-text fusion-text-11\"><h2 style=\"text-align: center; color: #fff; font-size: 60px;\">100% erneuerbare Energie<\/h2>\n<\/div><div class=\"fusion-text fusion-text-12\"><p style=\"text-align: center; color: #fff; font-size: 25px; line-height: 48px;\">Werden Sie Ihr eigener Stromproduzent und sparen Sie vom ersten Tag an mit ENERG\u00cdA AETERNA<\/p>\n<\/div><div class=\"fusion-separator fusion-full-width-sep\" style=\"align-self: center;margin-left: auto;margin-right: auto;margin-top:20px;width:100%;\"><\/div><div style=\"text-align:center;\"><a class=\"fusion-button button-flat button-xlarge button-custom fusion-button-default button-2 fusion-button-default-span fusion-button-default-type\" style=\"--button_accent_color:#ffffff;--button_accent_hover_color:#ffffff;--button_border_hover_color:#ffffff;--button_border_width-top:1px;--button_border_width-right:1px;--button_border_width-bottom:1px;--button_border_width-left:1px;--button_gradient_top_color:rgba(76,81,102,0);--button_gradient_bottom_color:rgba(76,81,102,0);--button_gradient_top_color_hover:#25afb4;--button_gradient_bottom_color_hover:#25afb4;\" target=\"_self\" href=\"https:\/\/energiaaeterna.com\/de\/kontakt\/\"><span class=\"fusion-button-text awb-button__text awb-button__text--default\">Kontakt<\/span><\/a><\/div><\/div><\/div><div class=\"fusion-layout-column fusion_builder_column fusion-builder-column-8 fusion_builder_column_1_6 1_6 fusion-flex-column\" style=\"--awb-bg-size:cover;--awb-width-large:16.666666666667%;--awb-margin-top-large:0px;--awb-spacing-right-large:11.52%;--awb-margin-bottom-large:0px;--awb-spacing-left-large:11.52%;--awb-width-medium:100%;--awb-spacing-right-medium:1.92%;--awb-spacing-left-medium:1.92%;--awb-width-small:100%;--awb-spacing-right-small:1.92%;--awb-spacing-left-small:1.92%;\"><div class=\"fusion-column-wrapper fusion-flex-justify-content-flex-start fusion-content-layout-column\"><\/div><\/div><\/div><\/div><\/p>\n","protected":false},"excerpt":{"rendered":"","protected":false},"author":1,"featured_media":0,"parent":0,"menu_order":0,"comment_status":"closed","ping_status":"closed","template":"100-width.php","meta":{"footnotes":""},"class_list":["post-2545","page","type-page","status-publish","hentry"],"yoast_head":"<!-- This site is optimized with the Yoast SEO plugin v27.3 - https:\/\/yoast.com\/product\/yoast-seo-wordpress\/ -->\n<title>Selbstverbrauch von Strom auf Teneriffa | Energ\u00eda Aeterna<\/title>\n<meta name=\"description\" content=\"Stromselbstverbrauchsanlagen auf Teneriffa, Wartung. Energ\u00eda Aeterna bietet Photovoltaik-Technologie f\u00fcr den Eigenverbrauch von Strom an.\" \/>\n<meta name=\"robots\" content=\"index, follow, max-snippet:-1, max-image-preview:large, max-video-preview:-1\" \/>\n<link rel=\"canonical\" href=\"https:\/\/energiaaeterna.com\/de\/selbstverbrauch-von-strom\/\" \/>\n<meta property=\"og:locale\" content=\"de_DE\" \/>\n<meta property=\"og:type\" content=\"article\" \/>\n<meta property=\"og:title\" content=\"Selbstverbrauch von Strom auf Teneriffa | Energ\u00eda Aeterna\" \/>\n<meta property=\"og:description\" content=\"Stromselbstverbrauchsanlagen auf Teneriffa, Wartung. Energ\u00eda Aeterna bietet Photovoltaik-Technologie f\u00fcr den Eigenverbrauch von Strom an.\" \/>\n<meta property=\"og:url\" content=\"https:\/\/energiaaeterna.com\/de\/selbstverbrauch-von-strom\/\" \/>\n<meta property=\"og:site_name\" content=\"Energ\u00eda Aeterna\" \/>\n<meta property=\"article:publisher\" content=\"https:\/\/www.facebook.com\/energiaaeterna\/\" \/>\n<meta property=\"article:modified_time\" content=\"2025-03-26T17:30:17+00:00\" \/>\n<meta name=\"twitter:card\" content=\"summary_large_image\" \/>\n<meta name=\"twitter:label1\" content=\"Gesch\u00e4tzte Lesezeit\" \/>\n\t<meta name=\"twitter:data1\" content=\"15\u00a0Minuten\" \/>\n<script type=\"application\/ld+json\" class=\"yoast-schema-graph\">{\"@context\":\"https:\\\/\\\/schema.org\",\"@graph\":[{\"@type\":\"WebPage\",\"@id\":\"https:\\\/\\\/energiaaeterna.com\\\/de\\\/selbstverbrauch-von-strom\\\/\",\"url\":\"https:\\\/\\\/energiaaeterna.com\\\/de\\\/selbstverbrauch-von-strom\\\/\",\"name\":\"Selbstverbrauch von Strom auf Teneriffa | Energ\u00eda Aeterna\",\"isPartOf\":{\"@id\":\"https:\\\/\\\/energiaaeterna.com\\\/de\\\/#website\"},\"datePublished\":\"2019-12-10T14:33:36+00:00\",\"dateModified\":\"2025-03-26T17:30:17+00:00\",\"description\":\"Stromselbstverbrauchsanlagen auf Teneriffa, Wartung. Energ\u00eda Aeterna bietet Photovoltaik-Technologie f\u00fcr den Eigenverbrauch von Strom an.\",\"breadcrumb\":{\"@id\":\"https:\\\/\\\/energiaaeterna.com\\\/de\\\/selbstverbrauch-von-strom\\\/#breadcrumb\"},\"inLanguage\":\"de\",\"potentialAction\":[{\"@type\":\"ReadAction\",\"target\":[\"https:\\\/\\\/energiaaeterna.com\\\/de\\\/selbstverbrauch-von-strom\\\/\"]}]},{\"@type\":\"BreadcrumbList\",\"@id\":\"https:\\\/\\\/energiaaeterna.com\\\/de\\\/selbstverbrauch-von-strom\\\/#breadcrumb\",\"itemListElement\":[{\"@type\":\"ListItem\",\"position\":1,\"name\":\"Home\",\"item\":\"https:\\\/\\\/energiaaeterna.com\\\/de\\\/\"},{\"@type\":\"ListItem\",\"position\":2,\"name\":\"Selbstverbrauch von Strom\"}]},{\"@type\":\"WebSite\",\"@id\":\"https:\\\/\\\/energiaaeterna.com\\\/de\\\/#website\",\"url\":\"https:\\\/\\\/energiaaeterna.com\\\/de\\\/\",\"name\":\"Energ\u00eda Aeterna\",\"description\":\"Empresa de Energ\u00edas Renovables en Tenerife\",\"publisher\":{\"@id\":\"https:\\\/\\\/energiaaeterna.com\\\/de\\\/#organization\"},\"potentialAction\":[{\"@type\":\"SearchAction\",\"target\":{\"@type\":\"EntryPoint\",\"urlTemplate\":\"https:\\\/\\\/energiaaeterna.com\\\/de\\\/?s={search_term_string}\"},\"query-input\":{\"@type\":\"PropertyValueSpecification\",\"valueRequired\":true,\"valueName\":\"search_term_string\"}}],\"inLanguage\":\"de\"},{\"@type\":\"Organization\",\"@id\":\"https:\\\/\\\/energiaaeterna.com\\\/de\\\/#organization\",\"name\":\"Energ\u00eda Aeterna\",\"url\":\"https:\\\/\\\/energiaaeterna.com\\\/de\\\/\",\"logo\":{\"@type\":\"ImageObject\",\"inLanguage\":\"de\",\"@id\":\"https:\\\/\\\/energiaaeterna.com\\\/de\\\/#\\\/schema\\\/logo\\\/image\\\/\",\"url\":\"https:\\\/\\\/i2.wp.com\\\/energiaaeterna.com\\\/wp-content\\\/uploads\\\/2019\\\/08\\\/Energia-Aeterna-Logo-2-Color.png?fit=3544%2C947&ssl=1\",\"contentUrl\":\"https:\\\/\\\/i2.wp.com\\\/energiaaeterna.com\\\/wp-content\\\/uploads\\\/2019\\\/08\\\/Energia-Aeterna-Logo-2-Color.png?fit=3544%2C947&ssl=1\",\"width\":3544,\"height\":947,\"caption\":\"Energ\u00eda Aeterna\"},\"image\":{\"@id\":\"https:\\\/\\\/energiaaeterna.com\\\/de\\\/#\\\/schema\\\/logo\\\/image\\\/\"},\"sameAs\":[\"https:\\\/\\\/www.facebook.com\\\/energiaaeterna\\\/\",\"https:\\\/\\\/www.instagram.com\\\/energiaaeterna\\\/\",\"https:\\\/\\\/www.linkedin.com\\\/company\\\/77012092\\\/admin\\\/\"]}]}<\/script>\n<!-- \/ Yoast SEO plugin. -->","yoast_head_json":{"title":"Selbstverbrauch von Strom auf Teneriffa | Energ\u00eda Aeterna","description":"Stromselbstverbrauchsanlagen auf Teneriffa, Wartung. Energ\u00eda Aeterna bietet Photovoltaik-Technologie f\u00fcr den Eigenverbrauch von Strom an.","robots":{"index":"index","follow":"follow","max-snippet":"max-snippet:-1","max-image-preview":"max-image-preview:large","max-video-preview":"max-video-preview:-1"},"canonical":"https:\/\/energiaaeterna.com\/de\/selbstverbrauch-von-strom\/","og_locale":"de_DE","og_type":"article","og_title":"Selbstverbrauch von Strom auf Teneriffa | Energ\u00eda Aeterna","og_description":"Stromselbstverbrauchsanlagen auf Teneriffa, Wartung. Energ\u00eda Aeterna bietet Photovoltaik-Technologie f\u00fcr den Eigenverbrauch von Strom an.","og_url":"https:\/\/energiaaeterna.com\/de\/selbstverbrauch-von-strom\/","og_site_name":"Energ\u00eda Aeterna","article_publisher":"https:\/\/www.facebook.com\/energiaaeterna\/","article_modified_time":"2025-03-26T17:30:17+00:00","twitter_card":"summary_large_image","twitter_misc":{"Gesch\u00e4tzte Lesezeit":"15\u00a0Minuten"},"schema":{"@context":"https:\/\/schema.org","@graph":[{"@type":"WebPage","@id":"https:\/\/energiaaeterna.com\/de\/selbstverbrauch-von-strom\/","url":"https:\/\/energiaaeterna.com\/de\/selbstverbrauch-von-strom\/","name":"Selbstverbrauch von Strom auf Teneriffa | Energ\u00eda Aeterna","isPartOf":{"@id":"https:\/\/energiaaeterna.com\/de\/#website"},"datePublished":"2019-12-10T14:33:36+00:00","dateModified":"2025-03-26T17:30:17+00:00","description":"Stromselbstverbrauchsanlagen auf Teneriffa, Wartung. Energ\u00eda Aeterna bietet Photovoltaik-Technologie f\u00fcr den Eigenverbrauch von Strom an.","breadcrumb":{"@id":"https:\/\/energiaaeterna.com\/de\/selbstverbrauch-von-strom\/#breadcrumb"},"inLanguage":"de","potentialAction":[{"@type":"ReadAction","target":["https:\/\/energiaaeterna.com\/de\/selbstverbrauch-von-strom\/"]}]},{"@type":"BreadcrumbList","@id":"https:\/\/energiaaeterna.com\/de\/selbstverbrauch-von-strom\/#breadcrumb","itemListElement":[{"@type":"ListItem","position":1,"name":"Home","item":"https:\/\/energiaaeterna.com\/de\/"},{"@type":"ListItem","position":2,"name":"Selbstverbrauch von Strom"}]},{"@type":"WebSite","@id":"https:\/\/energiaaeterna.com\/de\/#website","url":"https:\/\/energiaaeterna.com\/de\/","name":"Energ\u00eda Aeterna","description":"Empresa de Energ\u00edas Renovables en Tenerife","publisher":{"@id":"https:\/\/energiaaeterna.com\/de\/#organization"},"potentialAction":[{"@type":"SearchAction","target":{"@type":"EntryPoint","urlTemplate":"https:\/\/energiaaeterna.com\/de\/?s={search_term_string}"},"query-input":{"@type":"PropertyValueSpecification","valueRequired":true,"valueName":"search_term_string"}}],"inLanguage":"de"},{"@type":"Organization","@id":"https:\/\/energiaaeterna.com\/de\/#organization","name":"Energ\u00eda Aeterna","url":"https:\/\/energiaaeterna.com\/de\/","logo":{"@type":"ImageObject","inLanguage":"de","@id":"https:\/\/energiaaeterna.com\/de\/#\/schema\/logo\/image\/","url":"https:\/\/i2.wp.com\/energiaaeterna.com\/wp-content\/uploads\/2019\/08\/Energia-Aeterna-Logo-2-Color.png?fit=3544%2C947&ssl=1","contentUrl":"https:\/\/i2.wp.com\/energiaaeterna.com\/wp-content\/uploads\/2019\/08\/Energia-Aeterna-Logo-2-Color.png?fit=3544%2C947&ssl=1","width":3544,"height":947,"caption":"Energ\u00eda Aeterna"},"image":{"@id":"https:\/\/energiaaeterna.com\/de\/#\/schema\/logo\/image\/"},"sameAs":["https:\/\/www.facebook.com\/energiaaeterna\/","https:\/\/www.instagram.com\/energiaaeterna\/","https:\/\/www.linkedin.com\/company\/77012092\/admin\/"]}]}},"_links":{"self":[{"href":"https:\/\/energiaaeterna.com\/de\/wp-json\/wp\/v2\/pages\/2545","targetHints":{"allow":["GET"]}}],"collection":[{"href":"https:\/\/energiaaeterna.com\/de\/wp-json\/wp\/v2\/pages"}],"about":[{"href":"https:\/\/energiaaeterna.com\/de\/wp-json\/wp\/v2\/types\/page"}],"author":[{"embeddable":true,"href":"https:\/\/energiaaeterna.com\/de\/wp-json\/wp\/v2\/users\/1"}],"replies":[{"embeddable":true,"href":"https:\/\/energiaaeterna.com\/de\/wp-json\/wp\/v2\/comments?post=2545"}],"version-history":[{"count":2,"href":"https:\/\/energiaaeterna.com\/de\/wp-json\/wp\/v2\/pages\/2545\/revisions"}],"predecessor-version":[{"id":2569,"href":"https:\/\/energiaaeterna.com\/de\/wp-json\/wp\/v2\/pages\/2545\/revisions\/2569"}],"wp:attachment":[{"href":"https:\/\/energiaaeterna.com\/de\/wp-json\/wp\/v2\/media?parent=2545"}],"curies":[{"name":"wp","href":"https:\/\/api.w.org\/{rel}","templated":true}]}}