{"id":2509,"date":"2019-11-28T23:20:34","date_gmt":"2019-11-28T23:20:34","guid":{"rendered":"https:\/\/energiaaeterna.com\/photovoltaische-solarmodule\/"},"modified":"2025-03-26T17:30:11","modified_gmt":"2025-03-26T17:30:11","slug":"photovoltaische-solarmodule","status":"publish","type":"page","link":"https:\/\/energiaaeterna.com\/de\/photovoltaische-solarmodule\/","title":{"rendered":"Photovoltaische Solarmodule"},"content":{"rendered":"<p><div class=\"fusion-fullwidth fullwidth-box fusion-builder-row-1 fusion-flex-container hundred-percent-fullwidth non-hundred-percent-height-scrolling\" style=\"--awb-border-radius-top-left:0px;--awb-border-radius-top-right:0px;--awb-border-radius-bottom-right:0px;--awb-border-radius-bottom-left:0px;--awb-padding-top:0px;--awb-padding-right:0px;--awb-padding-bottom:0px;--awb-padding-left:0px;--awb-flex-wrap:wrap;\" ><div class=\"fusion-builder-row fusion-row fusion-flex-align-items-stretch fusion-flex-content-wrap\" style=\"width:calc( 100% + 0px ) !important;max-width:calc( 100% + 0px ) !important;margin-left: calc(-0px \/ 2 );margin-right: calc(-0px \/ 2 );\"><div class=\"fusion-layout-column fusion_builder_column fusion-builder-column-0 fusion_builder_column_1_2 1_2 fusion-flex-column\" style=\"--awb-padding-top:100px;--awb-padding-right:6%;--awb-padding-bottom:100px;--awb-padding-left:6%;--awb-bg-size:cover;--awb-width-large:50%;--awb-margin-top-large:0px;--awb-spacing-right-large:0px;--awb-margin-bottom-large:0px;--awb-spacing-left-large:0px;--awb-width-medium:100%;--awb-spacing-right-medium:0px;--awb-spacing-left-medium:0px;--awb-width-small:100%;--awb-spacing-right-small:0px;--awb-spacing-left-small:0px;\"><div class=\"fusion-column-wrapper fusion-flex-justify-content-flex-start fusion-content-layout-column\"><div class=\"fusion-text fusion-text-1\"><h2>Photovoltaische Solarmodule auf Teneriffa<\/h2>\n<\/div><div class=\"fusion-separator\" style=\"align-self: flex-start;margin-right:auto;margin-bottom:30px;width:100%;max-width:100px;\"><div class=\"fusion-separator-border sep-single sep-solid\" style=\"--awb-height:20px;--awb-amount:20px;--awb-sep-color:#25afb4;border-color:#25afb4;border-top-width:2px;\"><\/div><\/div><div class=\"fusion-text fusion-text-2\"><p><a href=\"https:\/\/energia.gob.es\/desarrollo\/EnergiaRenovable\/Paginas\/Renovables.aspx\" target=\"_blank\" rel=\"noopener noreferrer\">Photovoltaik-Solarenergie<\/a> durch Photovoltaik-Solarmodule, Solarmodule oder Photovoltaik-Solarpaneele auf Teneriffa basiert auf den Eigenschaften bestimmter Materialien f\u00fcr die Umwandlung von Energie aus der Sonne in Form von Strahlung in Strom. Die photovoltaische Solarenergie hat Auswirkungen auf: Die Stromversorgung, die Wirtschaft des Landes und die Umwelt. <\/p>\n<p>Eine Solaranlage nutzt die Strahlung der Sonne zur Energiegewinnung. Dies kann mit thermischen Kollektoren oder photovoltaischen Zellen geschehen, je nachdem, ob die Sonne zur Erw\u00e4rmung von Wasser oder zur Umwandlung der Strahlung in elektrische Energie mit Hilfe von Solarzellen genutzt wird. Das liegt daran, dass ein Teil des Materials einen Teil der Sonnenstrahlung absorbiert. Insbesondere mattschwarze Materialien absorbieren eine gr\u00f6\u00dfere Menge an Sonnenstrahlung.  <\/p>\n<p>Solarenergie durch photovoltaische Solarmodule auf Teneriffa kann u.a. f\u00fcr die Warmwasserbereitung, Heizung, Schwimmbadheizung, W\u00e4rmeerzeugung f\u00fcr industrielle Prozesse und K\u00fchlsysteme genutzt werden.<\/p>\n<p>Die gro\u00dfe Auswahl an Solarmodulen f\u00fcr ein Haus erm\u00f6glicht es dank der g\u00fcnstigen Solarmodule, Solar-Kits f\u00fcr all jene Haushalte anzubieten, die sich f\u00fcr saubere Energie engagieren und die Rechnung ihres Stromversorgers einsparen wollen oder keine M\u00f6glichkeit haben, sich von ihrem Stromversorger mit Strom versorgen zu lassen.<\/p>\n<\/div><\/div><\/div><div class=\"fusion-layout-column fusion_builder_column fusion-builder-column-1 fusion_builder_column_1_2 1_2 fusion-flex-column\" style=\"--awb-bg-position:center center;--awb-bg-size:cover;--awb-width-large:50%;--awb-margin-top-large:0px;--awb-spacing-right-large:0px;--awb-margin-bottom-large:0px;--awb-spacing-left-large:0px;--awb-width-medium:100%;--awb-spacing-right-medium:0px;--awb-spacing-left-medium:0px;--awb-width-small:100%;--awb-spacing-right-small:0px;--awb-spacing-left-small:0px;\"><div class=\"fusion-column-wrapper lazyload fusion-column-has-shadow fusion-flex-justify-content-flex-start fusion-content-layout-column fusion-empty-column-bg-image fusion-column-has-bg-image\" data-bg-url=\"https:\/\/energiaaeterna.com\/wp-content\/uploads\/2019\/12\/Paneles-solares-Energ\u00eda-Aeterna.jpg\" data-bg=\"https:\/\/energiaaeterna.com\/wp-content\/uploads\/2019\/12\/Paneles-solares-Energ\u00eda-Aeterna.jpg\"><img decoding=\"async\" class=\"fusion-empty-dims-img-placeholder fusion-no-large-visibility\" aria-label=\"Paneles solares Energ\u00eda Aeterna\" src=\"data:image\/svg+xml,%3Csvg%20xmlns%3D%27http%3A%2F%2Fwww.w3.org%2F2000%2Fsvg%27%20width%3D%272500%27%20height%3D%271406%27%20viewBox%3D%270%200%202500%201406%27%3E%3Crect%20width%3D%272500%27%20height%3D%271406%27%20fill-opacity%3D%220%22%2F%3E%3C%2Fsvg%3E\"><\/div><\/div><\/div><\/div><div class=\"fusion-fullwidth fullwidth-box fusion-builder-row-2 fusion-flex-container fusion-parallax-none nonhundred-percent-fullwidth non-hundred-percent-height-scrolling lazyload\" style=\"--awb-border-radius-top-left:0px;--awb-border-radius-top-right:0px;--awb-border-radius-bottom-right:0px;--awb-border-radius-bottom-left:0px;--awb-padding-top:200px;--awb-padding-bottom:200px;--awb-background-size:cover;--awb-flex-wrap:wrap;\" data-bg=\"https:\/\/energiaaeterna.com\/wp-content\/uploads\/2016\/11\/CTA_background.jpg\" ><div class=\"fusion-builder-row fusion-row fusion-flex-align-items-flex-start fusion-flex-content-wrap\" style=\"max-width:1216.8px;margin-left: calc(-4% \/ 2 );margin-right: calc(-4% \/ 2 );\"><div class=\"fusion-layout-column fusion_builder_column fusion-builder-column-2 fusion_builder_column_1_6 1_6 fusion-flex-column\" style=\"--awb-bg-size:cover;--awb-width-large:16.666666666667%;--awb-margin-top-large:0px;--awb-spacing-right-large:11.52%;--awb-margin-bottom-large:0px;--awb-spacing-left-large:11.52%;--awb-width-medium:100%;--awb-spacing-right-medium:1.92%;--awb-spacing-left-medium:1.92%;--awb-width-small:100%;--awb-spacing-right-small:1.92%;--awb-spacing-left-small:1.92%;\"><div class=\"fusion-column-wrapper fusion-flex-justify-content-flex-start fusion-content-layout-column\"><\/div><\/div><div class=\"fusion-layout-column fusion_builder_column fusion-builder-column-3 fusion_builder_column_2_3 2_3 fusion-flex-column\" style=\"--awb-bg-size:cover;--awb-width-large:66.666666666667%;--awb-margin-top-large:0px;--awb-spacing-right-large:2.88%;--awb-margin-bottom-large:0px;--awb-spacing-left-large:2.88%;--awb-width-medium:100%;--awb-spacing-right-medium:1.92%;--awb-spacing-left-medium:1.92%;--awb-width-small:100%;--awb-spacing-right-small:1.92%;--awb-spacing-left-small:1.92%;\"><div class=\"fusion-column-wrapper fusion-flex-justify-content-flex-start fusion-content-layout-column\"><div class=\"fusion-text fusion-text-3\"><h2 style=\"text-align: center; color: #fff; font-size: 60px;\">Entdecken Sie die Zukunft<\/h2>\n<\/div><div class=\"fusion-text fusion-text-4\"><p style=\"text-align: center; color: #fff; font-size: 25px; line-height: 48px;\">F\u00fcr eine nachhaltige, menschlichere, aufregendere Welt&#8230;sp\u00fcren Sie unsere Energie, die AETERNA ENERGY.<\/p>\n<\/div><div class=\"fusion-separator fusion-full-width-sep\" style=\"align-self: center;margin-left: auto;margin-right: auto;margin-top:20px;width:100%;\"><\/div><div style=\"text-align:center;\"><a class=\"fusion-button button-flat button-xlarge button-custom fusion-button-default button-1 fusion-button-default-span fusion-button-default-type\" style=\"--button_accent_color:#ffffff;--button_accent_hover_color:#ffffff;--button_border_hover_color:#ffffff;--button_border_width-top:1px;--button_border_width-right:1px;--button_border_width-bottom:1px;--button_border_width-left:1px;--button_gradient_top_color:rgba(76,81,102,0);--button_gradient_bottom_color:rgba(76,81,102,0);--button_gradient_top_color_hover:#25afb4;--button_gradient_bottom_color_hover:#25afb4;\" target=\"_self\" href=\"https:\/\/energiaaeterna.com\/de\/kontakt\/\"><span class=\"fusion-button-text awb-button__text awb-button__text--default\">Kontakt<\/span><\/a><\/div><\/div><\/div><div class=\"fusion-layout-column fusion_builder_column fusion-builder-column-4 fusion_builder_column_1_6 1_6 fusion-flex-column\" style=\"--awb-bg-size:cover;--awb-width-large:16.666666666667%;--awb-margin-top-large:0px;--awb-spacing-right-large:11.52%;--awb-margin-bottom-large:0px;--awb-spacing-left-large:11.52%;--awb-width-medium:100%;--awb-spacing-right-medium:1.92%;--awb-spacing-left-medium:1.92%;--awb-width-small:100%;--awb-spacing-right-small:1.92%;--awb-spacing-left-small:1.92%;\"><div class=\"fusion-column-wrapper fusion-flex-justify-content-flex-start fusion-content-layout-column\"><\/div><\/div><\/div><\/div><\/p>\n","protected":false},"excerpt":{"rendered":"","protected":false},"author":1,"featured_media":0,"parent":0,"menu_order":0,"comment_status":"closed","ping_status":"closed","template":"100-width.php","meta":{"footnotes":""},"class_list":["post-2509","page","type-page","status-publish","hentry"],"yoast_head":"<!-- This site is optimized with the Yoast SEO plugin v27.5 - https:\/\/yoast.com\/product\/yoast-seo-wordpress\/ -->\n<title>Photovoltaische Solarmodule auf Teneriffa | Energ\u00eda Aeterna<\/title>\n<meta name=\"description\" content=\"Energ\u00eda Aeterna F\u00fchrendes Unternehmen f\u00fcr Photovoltaik-Solarmodule auf Teneriffa, Installation von Solarmodulen, Wartung von Solarmodulen\" \/>\n<meta name=\"robots\" content=\"index, follow, max-snippet:-1, max-image-preview:large, max-video-preview:-1\" \/>\n<link rel=\"canonical\" href=\"https:\/\/energiaaeterna.com\/de\/photovoltaische-solarmodule\/\" \/>\n<meta property=\"og:locale\" content=\"de_DE\" \/>\n<meta property=\"og:type\" content=\"article\" \/>\n<meta property=\"og:title\" content=\"Photovoltaische Solarmodule auf Teneriffa | Energ\u00eda Aeterna\" \/>\n<meta property=\"og:description\" content=\"Energ\u00eda Aeterna F\u00fchrendes Unternehmen f\u00fcr Photovoltaik-Solarmodule auf Teneriffa, Installation von Solarmodulen, Wartung von Solarmodulen\" \/>\n<meta property=\"og:url\" content=\"https:\/\/energiaaeterna.com\/de\/photovoltaische-solarmodule\/\" \/>\n<meta property=\"og:site_name\" content=\"Energ\u00eda Aeterna\" \/>\n<meta property=\"article:publisher\" content=\"https:\/\/www.facebook.com\/energiaaeterna\/\" \/>\n<meta property=\"article:modified_time\" content=\"2025-03-26T17:30:11+00:00\" \/>\n<meta name=\"twitter:card\" content=\"summary_large_image\" \/>\n<meta name=\"twitter:label1\" content=\"Gesch\u00e4tzte Lesezeit\" \/>\n\t<meta name=\"twitter:data1\" content=\"6\u00a0Minuten\" \/>\n<script type=\"application\/ld+json\" class=\"yoast-schema-graph\">{\"@context\":\"https:\\\/\\\/schema.org\",\"@graph\":[{\"@type\":\"WebPage\",\"@id\":\"https:\\\/\\\/energiaaeterna.com\\\/de\\\/photovoltaische-solarmodule\\\/\",\"url\":\"https:\\\/\\\/energiaaeterna.com\\\/de\\\/photovoltaische-solarmodule\\\/\",\"name\":\"Photovoltaische Solarmodule auf Teneriffa | Energ\u00eda Aeterna\",\"isPartOf\":{\"@id\":\"https:\\\/\\\/energiaaeterna.com\\\/de\\\/#website\"},\"datePublished\":\"2019-11-28T23:20:34+00:00\",\"dateModified\":\"2025-03-26T17:30:11+00:00\",\"description\":\"Energ\u00eda Aeterna F\u00fchrendes Unternehmen f\u00fcr Photovoltaik-Solarmodule auf Teneriffa, Installation von Solarmodulen, Wartung von Solarmodulen\",\"breadcrumb\":{\"@id\":\"https:\\\/\\\/energiaaeterna.com\\\/de\\\/photovoltaische-solarmodule\\\/#breadcrumb\"},\"inLanguage\":\"de\",\"potentialAction\":[{\"@type\":\"ReadAction\",\"target\":[\"https:\\\/\\\/energiaaeterna.com\\\/de\\\/photovoltaische-solarmodule\\\/\"]}]},{\"@type\":\"BreadcrumbList\",\"@id\":\"https:\\\/\\\/energiaaeterna.com\\\/de\\\/photovoltaische-solarmodule\\\/#breadcrumb\",\"itemListElement\":[{\"@type\":\"ListItem\",\"position\":1,\"name\":\"Home\",\"item\":\"https:\\\/\\\/energiaaeterna.com\\\/de\\\/\"},{\"@type\":\"ListItem\",\"position\":2,\"name\":\"Photovoltaische Solarmodule\"}]},{\"@type\":\"WebSite\",\"@id\":\"https:\\\/\\\/energiaaeterna.com\\\/de\\\/#website\",\"url\":\"https:\\\/\\\/energiaaeterna.com\\\/de\\\/\",\"name\":\"Energ\u00eda Aeterna\",\"description\":\"Empresa de Energ\u00edas Renovables en Tenerife\",\"publisher\":{\"@id\":\"https:\\\/\\\/energiaaeterna.com\\\/de\\\/#organization\"},\"potentialAction\":[{\"@type\":\"SearchAction\",\"target\":{\"@type\":\"EntryPoint\",\"urlTemplate\":\"https:\\\/\\\/energiaaeterna.com\\\/de\\\/?s={search_term_string}\"},\"query-input\":{\"@type\":\"PropertyValueSpecification\",\"valueRequired\":true,\"valueName\":\"search_term_string\"}}],\"inLanguage\":\"de\"},{\"@type\":\"Organization\",\"@id\":\"https:\\\/\\\/energiaaeterna.com\\\/de\\\/#organization\",\"name\":\"Energ\u00eda Aeterna\",\"url\":\"https:\\\/\\\/energiaaeterna.com\\\/de\\\/\",\"logo\":{\"@type\":\"ImageObject\",\"inLanguage\":\"de\",\"@id\":\"https:\\\/\\\/energiaaeterna.com\\\/de\\\/#\\\/schema\\\/logo\\\/image\\\/\",\"url\":\"https:\\\/\\\/i2.wp.com\\\/energiaaeterna.com\\\/wp-content\\\/uploads\\\/2019\\\/08\\\/Energia-Aeterna-Logo-2-Color.png?fit=3544%2C947&ssl=1\",\"contentUrl\":\"https:\\\/\\\/i2.wp.com\\\/energiaaeterna.com\\\/wp-content\\\/uploads\\\/2019\\\/08\\\/Energia-Aeterna-Logo-2-Color.png?fit=3544%2C947&ssl=1\",\"width\":3544,\"height\":947,\"caption\":\"Energ\u00eda Aeterna\"},\"image\":{\"@id\":\"https:\\\/\\\/energiaaeterna.com\\\/de\\\/#\\\/schema\\\/logo\\\/image\\\/\"},\"sameAs\":[\"https:\\\/\\\/www.facebook.com\\\/energiaaeterna\\\/\",\"https:\\\/\\\/www.instagram.com\\\/energiaaeterna\\\/\",\"https:\\\/\\\/www.linkedin.com\\\/company\\\/77012092\\\/admin\\\/\"]}]}<\/script>\n<!-- \/ Yoast SEO plugin. -->","yoast_head_json":{"title":"Photovoltaische Solarmodule auf Teneriffa | Energ\u00eda Aeterna","description":"Energ\u00eda Aeterna F\u00fchrendes Unternehmen f\u00fcr Photovoltaik-Solarmodule auf Teneriffa, Installation von Solarmodulen, Wartung von Solarmodulen","robots":{"index":"index","follow":"follow","max-snippet":"max-snippet:-1","max-image-preview":"max-image-preview:large","max-video-preview":"max-video-preview:-1"},"canonical":"https:\/\/energiaaeterna.com\/de\/photovoltaische-solarmodule\/","og_locale":"de_DE","og_type":"article","og_title":"Photovoltaische Solarmodule auf Teneriffa | Energ\u00eda Aeterna","og_description":"Energ\u00eda Aeterna F\u00fchrendes Unternehmen f\u00fcr Photovoltaik-Solarmodule auf Teneriffa, Installation von Solarmodulen, Wartung von Solarmodulen","og_url":"https:\/\/energiaaeterna.com\/de\/photovoltaische-solarmodule\/","og_site_name":"Energ\u00eda Aeterna","article_publisher":"https:\/\/www.facebook.com\/energiaaeterna\/","article_modified_time":"2025-03-26T17:30:11+00:00","twitter_card":"summary_large_image","twitter_misc":{"Gesch\u00e4tzte Lesezeit":"6\u00a0Minuten"},"schema":{"@context":"https:\/\/schema.org","@graph":[{"@type":"WebPage","@id":"https:\/\/energiaaeterna.com\/de\/photovoltaische-solarmodule\/","url":"https:\/\/energiaaeterna.com\/de\/photovoltaische-solarmodule\/","name":"Photovoltaische Solarmodule auf Teneriffa | Energ\u00eda Aeterna","isPartOf":{"@id":"https:\/\/energiaaeterna.com\/de\/#website"},"datePublished":"2019-11-28T23:20:34+00:00","dateModified":"2025-03-26T17:30:11+00:00","description":"Energ\u00eda Aeterna F\u00fchrendes Unternehmen f\u00fcr Photovoltaik-Solarmodule auf Teneriffa, Installation von Solarmodulen, Wartung von Solarmodulen","breadcrumb":{"@id":"https:\/\/energiaaeterna.com\/de\/photovoltaische-solarmodule\/#breadcrumb"},"inLanguage":"de","potentialAction":[{"@type":"ReadAction","target":["https:\/\/energiaaeterna.com\/de\/photovoltaische-solarmodule\/"]}]},{"@type":"BreadcrumbList","@id":"https:\/\/energiaaeterna.com\/de\/photovoltaische-solarmodule\/#breadcrumb","itemListElement":[{"@type":"ListItem","position":1,"name":"Home","item":"https:\/\/energiaaeterna.com\/de\/"},{"@type":"ListItem","position":2,"name":"Photovoltaische Solarmodule"}]},{"@type":"WebSite","@id":"https:\/\/energiaaeterna.com\/de\/#website","url":"https:\/\/energiaaeterna.com\/de\/","name":"Energ\u00eda Aeterna","description":"Empresa de Energ\u00edas Renovables en Tenerife","publisher":{"@id":"https:\/\/energiaaeterna.com\/de\/#organization"},"potentialAction":[{"@type":"SearchAction","target":{"@type":"EntryPoint","urlTemplate":"https:\/\/energiaaeterna.com\/de\/?s={search_term_string}"},"query-input":{"@type":"PropertyValueSpecification","valueRequired":true,"valueName":"search_term_string"}}],"inLanguage":"de"},{"@type":"Organization","@id":"https:\/\/energiaaeterna.com\/de\/#organization","name":"Energ\u00eda Aeterna","url":"https:\/\/energiaaeterna.com\/de\/","logo":{"@type":"ImageObject","inLanguage":"de","@id":"https:\/\/energiaaeterna.com\/de\/#\/schema\/logo\/image\/","url":"https:\/\/i2.wp.com\/energiaaeterna.com\/wp-content\/uploads\/2019\/08\/Energia-Aeterna-Logo-2-Color.png?fit=3544%2C947&ssl=1","contentUrl":"https:\/\/i2.wp.com\/energiaaeterna.com\/wp-content\/uploads\/2019\/08\/Energia-Aeterna-Logo-2-Color.png?fit=3544%2C947&ssl=1","width":3544,"height":947,"caption":"Energ\u00eda Aeterna"},"image":{"@id":"https:\/\/energiaaeterna.com\/de\/#\/schema\/logo\/image\/"},"sameAs":["https:\/\/www.facebook.com\/energiaaeterna\/","https:\/\/www.instagram.com\/energiaaeterna\/","https:\/\/www.linkedin.com\/company\/77012092\/admin\/"]}]}},"_links":{"self":[{"href":"https:\/\/energiaaeterna.com\/de\/wp-json\/wp\/v2\/pages\/2509","targetHints":{"allow":["GET"]}}],"collection":[{"href":"https:\/\/energiaaeterna.com\/de\/wp-json\/wp\/v2\/pages"}],"about":[{"href":"https:\/\/energiaaeterna.com\/de\/wp-json\/wp\/v2\/types\/page"}],"author":[{"embeddable":true,"href":"https:\/\/energiaaeterna.com\/de\/wp-json\/wp\/v2\/users\/1"}],"replies":[{"embeddable":true,"href":"https:\/\/energiaaeterna.com\/de\/wp-json\/wp\/v2\/comments?post=2509"}],"version-history":[{"count":2,"href":"https:\/\/energiaaeterna.com\/de\/wp-json\/wp\/v2\/pages\/2509\/revisions"}],"predecessor-version":[{"id":2533,"href":"https:\/\/energiaaeterna.com\/de\/wp-json\/wp\/v2\/pages\/2509\/revisions\/2533"}],"wp:attachment":[{"href":"https:\/\/energiaaeterna.com\/de\/wp-json\/wp\/v2\/media?parent=2509"}],"curies":[{"name":"wp","href":"https:\/\/api.w.org\/{rel}","templated":true}]}}